{"id":132,"date":"2012-02-26T20:16:49","date_gmt":"2012-02-26T20:16:49","guid":{"rendered":"http:\/\/jessner.com\/einmahleins\/?page_id=132"},"modified":"2024-01-08T12:44:59","modified_gmt":"2024-01-08T12:44:59","slug":"balic-lieselotte","status":"publish","type":"page","link":"https:\/\/www.kuenstlergemeinschaft.at\/?page_id=132","title":{"rendered":"Balic Lieselotte"},"content":{"rendered":"<h2>Biographie<\/h2>\n<div id=\"makeMeScrollable\">\n<div class=\"scrollingHotSpotRight\"><\/p>\n<p>geboren 1948 in Wien<\/p>\n<\/div>\n<\/div>\n<p>1980 &#8211; 1984 Studium Keramik und Bildhauerei in Wien<br \/>\n1984 &#8211; 1990 Lehrt\u00e4tigkeit in der Wr. Kunstschule &#8211; Keramik<br \/>\nseit 1985 eigenes Atelier in Gr. Wiesendorf 43, Nieder\u00f6sterreich<\/p>\n<p>K\u00fcnstlerische Motivation:<br \/>\nDie Sch\u00f6nheit, Sinnlichkeit und St\u00e4rke der Frau inspirieren mich und sind f\u00fcr mich Inbegriff von Lebenslust und Lebensfreude! Meine Skulpturen stellen im wahrsten Sinn des Wortes ein Gegengewicht zu dem Frauenideal, das die Frauen gerne zerbrechlich und hilflos zeigt, dar. Sie signalisieren Kraft, Erdverbundenheit und Lebenslust. Das verwendete Material, Wienerberger Steinzeugmasse, ist grobk\u00f6rnig und wirkt sehr nat\u00fcrlich, die Robustheit entsteht im Brand bei ca. 1200\u00b0C, reduziert bei offenem Feuer und macht sie damit widerstandsf\u00e4hig gegen Wind und Wetter. Auch hier sehe ich eine starke Analogie zu &#8222;meinen&#8220; Frauen. Urspr\u00fcnglich aus einem m\u00e4nnerdominiertem Umfeld kommend, habe ich Abwertungen und Missachtung meiner Leistung selbst erlebt und als ungerecht empfunden, ich weiss, dass Frauen viel mehr k\u00f6nnen, wollen und bewirken, als sie sich selbst und andere ihnen zutrauen.<\/p>\n<h2>Kontakt<\/h2>\n<p><img decoding=\"async\" src=\"https:\/\/www.kuenstlergemeinschaft.at\/wp-content\/themes\/twentyten\/images\/balic.jpg\" alt=\"Liselotte Balic\" \/><\/p>\n<p><a title=\"www.keramikmuehle.com\" href=\"http:\/\/www.keramikmuehle.com\" target=\"_blank\" rel=\"noopener noreferrer\">www.keramikmuehle.com<\/a><br \/>\n<a title=\"liese.balic@keramikmuehle.com\" href=\"mailto:liese.balic@keramikmuehle.com\" target=\"_blank\" rel=\"noopener noreferrer\">liese.balic@keramikmuehle.com<\/a><\/p>\n","protected":false},"excerpt":{"rendered":"<p>Biographie geboren 1948 in Wien 1980 &#8211; 1984 Studium Keramik und Bildhauerei in Wien 1984 &#8211; 1990 Lehrt\u00e4tigkeit in der Wr. Kunstschule &#8211; Keramik seit 1985 eigenes Atelier in Gr. Wiesendorf 43, Nieder\u00f6sterreich K\u00fcnstlerische Motivation: Die Sch\u00f6nheit, Sinnlichkeit und St\u00e4rke &hellip; <a href=\"https:\/\/www.kuenstlergemeinschaft.at\/?page_id=132\">Weiterlesen <span class=\"meta-nav\">&rarr;<\/span><\/a><\/p>\n","protected":false},"author":1,"featured_media":0,"parent":0,"menu_order":0,"comment_status":"open","ping_status":"open","template":"","meta":{"footnotes":""},"_links":{"self":[{"href":"https:\/\/www.kuenstlergemeinschaft.at\/index.php?rest_route=\/wp\/v2\/pages\/132"}],"collection":[{"href":"https:\/\/www.kuenstlergemeinschaft.at\/index.php?rest_route=\/wp\/v2\/pages"}],"about":[{"href":"https:\/\/www.kuenstlergemeinschaft.at\/index.php?rest_route=\/wp\/v2\/types\/page"}],"author":[{"embeddable":true,"href":"https:\/\/www.kuenstlergemeinschaft.at\/index.php?rest_route=\/wp\/v2\/users\/1"}],"replies":[{"embeddable":true,"href":"https:\/\/www.kuenstlergemeinschaft.at\/index.php?rest_route=%2Fwp%2Fv2%2Fcomments&post=132"}],"version-history":[{"count":11,"href":"https:\/\/www.kuenstlergemeinschaft.at\/index.php?rest_route=\/wp\/v2\/pages\/132\/revisions"}],"predecessor-version":[{"id":2346,"href":"https:\/\/www.kuenstlergemeinschaft.at\/index.php?rest_route=\/wp\/v2\/pages\/132\/revisions\/2346"}],"wp:attachment":[{"href":"https:\/\/www.kuenstlergemeinschaft.at\/index.php?rest_route=%2Fwp%2Fv2%2Fmedia&parent=132"}],"curies":[{"name":"wp","href":"https:\/\/api.w.org\/{rel}","templated":true}]}}