{"id":145,"date":"2012-02-26T20:19:05","date_gmt":"2012-02-26T20:19:05","guid":{"rendered":"http:\/\/jessner.com\/einmahleins\/?page_id=145"},"modified":"2024-01-08T10:19:46","modified_gmt":"2024-01-08T10:19:46","slug":"hable-helmut","status":"publish","type":"page","link":"https:\/\/www.kuenstlergemeinschaft.at\/?page_id=145","title":{"rendered":"Hable Helmut"},"content":{"rendered":"<h2>Biographie<\/h2>\n<div class=\"n2-section-smartslider fitvidsignore  n2_clear\" data-ssid=\"7\"><div id=\"n2-ss-7-align\" class=\"n2-ss-align\"><div class=\"n2-padding\"><div id=\"n2-ss-7\" data-creator=\"Smart Slider 3\" data-responsive=\"auto\" class=\"n2-ss-slider n2-ow n2-has-hover n2notransition  \"><div class=\"n2-ss-slider-wrapper-inside\">\n        <div class=\"n2-ss-slider-1 n2_ss__touch_element n2-ow\">\n            <div class=\"n2-ss-slider-2 n2-ow\">\n                                                <div class=\"n2-ss-slider-3 n2-ow\">\n\n                    <div class=\"n2-ss-slide-backgrounds n2-ow-all\"><div class=\"n2-ss-slide-background\" data-public-id=\"1\" data-mode=\"fit\"><div class=\"n2-ss-slide-background-image\" data-blur=\"0\" data-opacity=\"100\" data-x=\"50\" data-y=\"50\" data-alt=\"\" data-title=\"\"><picture class=\"skip-lazy\" data-skip-lazy=\"1\"><img decoding=\"async\" src=\"\/\/www.kuenstlergemeinschaft.at\/wp-content\/uploads\/slider7\/hable_wirre_gedanken_gr.jpeg\" alt=\"\" title=\"\" loading=\"lazy\" class=\"skip-lazy\" data-skip-lazy=\"1\"><\/picture><\/div><div data-color=\"RGBA(255,255,255,0)\" style=\"background-color: RGBA(255,255,255,0);\" class=\"n2-ss-slide-background-color\"><\/div><\/div><div class=\"n2-ss-slide-background\" data-public-id=\"2\" data-mode=\"fit\"><div class=\"n2-ss-slide-background-image\" data-blur=\"0\" data-opacity=\"100\" data-x=\"50\" data-y=\"50\" data-alt=\"\" data-title=\"\"><picture class=\"skip-lazy\" data-skip-lazy=\"1\"><img decoding=\"async\" src=\"\/\/www.kuenstlergemeinschaft.at\/wp-content\/uploads\/slider7\/hable_unterkuehlte_lebenslust.jpeg\" alt=\"\" title=\"\" loading=\"lazy\" class=\"skip-lazy\" data-skip-lazy=\"1\"><\/picture><\/div><div data-color=\"RGBA(255,255,255,0)\" style=\"background-color: RGBA(255,255,255,0);\" class=\"n2-ss-slide-background-color\"><\/div><\/div><div class=\"n2-ss-slide-background\" data-public-id=\"3\" data-mode=\"fit\"><div class=\"n2-ss-slide-background-image\" data-blur=\"0\" data-opacity=\"100\" data-x=\"50\" data-y=\"50\" data-alt=\"\" data-title=\"\"><picture class=\"skip-lazy\" data-skip-lazy=\"1\"><img decoding=\"async\" src=\"\/\/www.kuenstlergemeinschaft.at\/wp-content\/uploads\/slider7\/hable_lust_voll_gr-450x198.jpeg\" alt=\"\" title=\"\" loading=\"lazy\" class=\"skip-lazy\" data-skip-lazy=\"1\"><\/picture><\/div><div data-color=\"RGBA(255,255,255,0)\" style=\"background-color: RGBA(255,255,255,0);\" class=\"n2-ss-slide-background-color\"><\/div><\/div><\/div>                    <div class=\"n2-ss-slider-4 n2-ow\">\n                        <svg xmlns=\"http:\/\/www.w3.org\/2000\/svg\" viewBox=\"0 0 640 480\" data-related-device=\"desktopPortrait\" class=\"n2-ow n2-ss-preserve-size n2-ss-preserve-size--slider n2-ss-slide-limiter\"><\/svg><div data-first=\"1\" data-slide-duration=\"0\" data-id=\"47\" data-slide-public-id=\"1\" data-title=\"hable_wirre_gedanken_gr\" class=\"n2-ss-slide n2-ow  n2-ss-slide-47\"><div role=\"note\" class=\"n2-ss-slide--focus\" tabindex=\"-1\">hable_wirre_gedanken_gr<\/div><div class=\"n2-ss-layers-container n2-ss-slide-limiter n2-ow\"><div class=\"n2-ss-layer n2-ow n-uc-HiIC3EPHJvrs\" data-sstype=\"slide\" data-pm=\"default\"><\/div><\/div><\/div><div data-slide-duration=\"0\" data-id=\"48\" data-slide-public-id=\"2\" data-title=\"hable_unterkuehlte_lebenslust\" class=\"n2-ss-slide n2-ow  n2-ss-slide-48\"><div role=\"note\" class=\"n2-ss-slide--focus\" tabindex=\"-1\">hable_unterkuehlte_lebenslust<\/div><div class=\"n2-ss-layers-container n2-ss-slide-limiter n2-ow\"><div class=\"n2-ss-layer n2-ow n-uc-4UIsZdo78WqW\" data-sstype=\"slide\" data-pm=\"default\"><\/div><\/div><\/div><div data-slide-duration=\"0\" data-id=\"49\" data-slide-public-id=\"3\" data-title=\"hable_lust_voll_gr-450x198\" class=\"n2-ss-slide n2-ow  n2-ss-slide-49\"><div role=\"note\" class=\"n2-ss-slide--focus\" tabindex=\"-1\">hable_lust_voll_gr-450&#215;198<\/div><div class=\"n2-ss-layers-container n2-ss-slide-limiter n2-ow\"><div class=\"n2-ss-layer n2-ow n-uc-P97e4Dr2jgVO\" data-sstype=\"slide\" data-pm=\"default\"><\/div><\/div><\/div>                    <\/div>\n\n                                    <\/div>\n            <\/div>\n        <\/div>\n        <div class=\"n2-ss-slider-controls n2-ss-slider-controls-absolute-left-center\"><div style=\"--widget-offset:15px;\" class=\"n2-ss-widget nextend-arrow n2-ow-all nextend-arrow-previous  nextend-arrow-animated-fade\" data-hide-mobileportrait=\"1\" id=\"n2-ss-7-arrow-previous\" role=\"button\" aria-label=\"previous arrow\" tabindex=\"0\"><img loading=\"lazy\" decoding=\"async\" width=\"32\" height=\"32\" class=\"skip-lazy\" data-skip-lazy=\"1\" src=\"data:image\/svg+xml;base64,PHN2ZyB4bWxucz0iaHR0cDovL3d3dy53My5vcmcvMjAwMC9zdmciIHdpZHRoPSIzMiIgaGVpZ2h0PSIzMiIgdmlld0JveD0iMCAwIDMyIDMyIj4KICAgIDxwYXRoIGZpbGw9IiNjZWQzZDUiIGZpbGwtcnVsZT0iZXZlbm9kZCIKICAgICAgICAgIGQ9Ik0yMC42NTQgOS40M2wtNi4zMjYgNi41MjUgNi4zMjYgNi42Yy4yNDIuMjUzLjM2LjU0NS4zNi44OCAwIC4zMzMtLjExOC42MjUtLjM2Ljg3N2wtMS4yNDQgMS4zYy0uMjQuMjUtLjUyMy4zNzUtLjg0LjM3NS0uMzIgMC0uNi0uMTI0LS44NC0uMzc2bC04LjM2Ny04LjcyYy0uMjQtLjI1LS4zNjMtLjU0LS4zNjMtLjg4IDAtLjMzNC4xMjItLjYzLjM2My0uODhsOC4zNjctOC43NWMuMjMtLjI1Mi41MS0uMzc3LjgzLS4zNzcuMzI1IDAgLjYwNy4xMjYuODUuMzc4bDEuMjQyIDEuMzI2Yy4yNDIuMjUyLjM2LjU0LjM2Ljg2NCAwIC4zMi0uMTE4LjYxLS4zNi44NnoiCiAgICAgICAgICBvcGFjaXR5PSIxIi8+Cjwvc3ZnPgo=\" alt=\"previous arrow\"><\/div><\/div><div class=\"n2-ss-slider-controls n2-ss-slider-controls-absolute-right-center\"><div style=\"--widget-offset:15px;\" class=\"n2-ss-widget nextend-arrow n2-ow-all nextend-arrow-next  nextend-arrow-animated-fade\" data-hide-mobileportrait=\"1\" id=\"n2-ss-7-arrow-next\" role=\"button\" aria-label=\"next arrow\" tabindex=\"0\"><img loading=\"lazy\" decoding=\"async\" width=\"32\" height=\"32\" class=\"skip-lazy\" data-skip-lazy=\"1\" src=\"data:image\/svg+xml;base64,PHN2ZyB3aWR0aD0iMzIiIGhlaWdodD0iMzIiIHZpZXdCb3g9IjAgMCAzMiAzMiIgeG1sbnM9Imh0dHA6Ly93d3cudzMub3JnLzIwMDAvc3ZnIj4KICAgIDxwYXRoIGQ9Ik0xMy4yODYgMjUuNjFjLS4yNC4yNTMtLjUyLjM3Ny0uODQuMzc3LS4zMTggMC0uNi0uMTI0LS44NC0uMzc2bC0xLjI0NS0xLjI5N2MtLjI0LS4yNTItLjM2LS41NDQtLjM2LS44NzggMC0uMzM0LjEyLS42MjYuMzYtLjg3OGw2LjMyOC02LjZMMTAuMzYgOS40M2MtLjI0LS4yNS0uMzYtLjU0LS4zNi0uODY0IDAtLjMyMy4xMi0uNjEyLjM2LS44NjRsMS4yNDUtMS4zMjVjLjI0LS4yNTIuNTIzLS4zNzcuODQ4LS4zNzcuMzIzIDAgLjYwMi4xMjUuODMzLjM3N2w4LjM2NiA4Ljc0NmMuMjQuMjUuMzYzLjU0Ni4zNjMuODgyIDAgLjM0LS4xMjIuNjM0LS4zNjMuODg2bC04LjM2NiA4LjcyeiIKICAgICAgICAgIGZpbGw9IiNjZWQzZDUiIG9wYWNpdHk9IjEiIGZpbGwtcnVsZT0iZXZlbm9kZCIvPgo8L3N2Zz4=\" alt=\"next arrow\"><\/div><\/div><\/div><\/div><ss3-loader><\/ss3-loader><\/div><\/div><div class=\"n2_clear\"><\/div><\/div>\n\nGeboren 1940 in Tirol, von 1962 bis 1968 Studium der Wirtschaftswissenschaften an der Universit\u00e4t Innsbruck. Seit 1962 autodidaktische Weiterbildung in Seminaren, Kursen und Malwochen mit befreundeten K\u00fcnstlern, unter anderem mit Hermann Nitsch, mit dem ihn eine freundschaftliche Beziehung verbindet.\n\n1. Preis im Internationalen Malwettbewerb Ex-Tempore 2005, Preis des Landes Steiermark, Schloss Halbenrain (Initiator war die Internationale Sommerakademie Hortus Niger in Halbenrain).\n\n2011 HELMUT HABLE, Zauberwelt Natur, Kunsthandel Stock, Wien\n\n2010 HELMUT HABLE, gesichte:visionen, Kunsthandel Stock, Wien\n\n2010 eMontion, Helmut Hable und Christiane Spatt, Herausgeber: Stadtmuseum\/Stadtarchiv Innsbruck, \u00d6sterreich, 2010, ISBN:\u00a0978-3-901886-44-7\n\n2009 Nitsch, Vorbilder-Zeitgenossen-Lehre, Herausgeber: K\u00fcnstlerhaus Wien, 2009, ISBN 978-3-900354-17-6\n\n2009 ALL RIGHT \u2013 Menschenrechte, eine Ausstellung in 30 Artikeln, Herausgeber. City Vibes, Verein f\u00fcr Kunst, Kultur und\u00a0Integration\n\n2009 \u201eheim.at\u201c Buch zur gleichnamigen Ausstellung in der Vertretung der Europaregion Tirol-Alto Adige- Trentino in Br\u00fcssel, Bona-Editio-Verlag, M\u00f6tz, ISBN 9783902581099\n\n2008 International Symposium for Painting &#8211; Adria-Alps-Pannonia, Schloss Halbenrain, 17. bis 20. Juli 2008\n\n2007 &#8222;BERGE BEWEGEN&#8220;. Buch und DVD zur Dokumentation des gleichnamigen Projekts im Rahmen der Imster Kunststra\u00dfe im\u00a0Kunstfoyer der AK Imst, Vorwort von Prof. Hermann Nitsch. Bona Editio Verlag, Stams, ISBN 9783902581044\n\n2006 &#8222;Geschichtete Monotypien&#8220;. Herausgeber: Galerie Ranalter zur Ausstellung in der Galerie Ranalter, Innsbruck\n\n2006 Nitsch als P\u00e4dagoge, erschienen im Bucher Verlag\n\n2004 Arbeiten 2004-2005. Katalog zur Ausstellung in der Raiffeisengalerie Telfs, Vorwort von Prof. Hermann Nitsch.\n\n2003 &#8222;KUNSTWERKE-WERKKUNST&#8220;. Katalog zur Pr\u00e4sentaion der Auftragsarbeit zur Gestaltung des Eingangsfoyers des\u00a0Industriebetriebes &#8222;Otto-Kapferer-GesmbH&#8220;.\n\n2000 &#8222;TAGESBUCHBL\u00c4TTERN(N). Katalog zur Ausstellung in der \u00c4rztekammer f\u00fcr Salzburg.\n<h2>Kontakt<\/h2>\n<a href=\"https:\/\/www.kuenstlergemeinschaft.at\/wp-content\/uploads\/2012\/02\/hable_kl.jpg\"><img loading=\"lazy\" decoding=\"async\" class=\"alignnone size-full wp-image-376\" title=\"hable_kl\" src=\"https:\/\/www.kuenstlergemeinschaft.at\/wp-content\/uploads\/2012\/02\/hable_kl.jpg\" alt=\"\" width=\"144\" height=\"200\" \/><\/a>\n\n6176 V\u00f6ls\nBauhof 11\n\nTel: 0664\/ 543 51 28 oder 0512\/ 30 27 83\n\n<a href=\"http:\/\/www.helmuthable.com\" target=\"_blank\" rel=\"noopener\">www.helmuthable.com<\/a>\n<a href=\"mailto:kontakt@helmuthable.com\" target=\"_blank\" rel=\"noopener\">kontakt@helmuthable.com<\/a>","protected":false},"excerpt":{"rendered":"<p>Biographie Geboren 1940 in Tirol, von 1962 bis 1968 Studium der Wirtschaftswissenschaften an der Universit\u00e4t Innsbruck. Seit 1962 autodidaktische Weiterbildung in Seminaren, Kursen und Malwochen mit befreundeten K\u00fcnstlern, unter anderem mit Hermann Nitsch, mit dem ihn eine freundschaftliche Beziehung verbindet. &hellip; <a href=\"https:\/\/www.kuenstlergemeinschaft.at\/?page_id=145\">Weiterlesen <span class=\"meta-nav\">&rarr;<\/span><\/a><\/p>\n","protected":false},"author":1,"featured_media":0,"parent":0,"menu_order":0,"comment_status":"open","ping_status":"closed","template":"","meta":{"footnotes":""},"_links":{"self":[{"href":"https:\/\/www.kuenstlergemeinschaft.at\/index.php?rest_route=\/wp\/v2\/pages\/145"}],"collection":[{"href":"https:\/\/www.kuenstlergemeinschaft.at\/index.php?rest_route=\/wp\/v2\/pages"}],"about":[{"href":"https:\/\/www.kuenstlergemeinschaft.at\/index.php?rest_route=\/wp\/v2\/types\/page"}],"author":[{"embeddable":true,"href":"https:\/\/www.kuenstlergemeinschaft.at\/index.php?rest_route=\/wp\/v2\/users\/1"}],"replies":[{"embeddable":true,"href":"https:\/\/www.kuenstlergemeinschaft.at\/index.php?rest_route=%2Fwp%2Fv2%2Fcomments&post=145"}],"version-history":[{"count":12,"href":"https:\/\/www.kuenstlergemeinschaft.at\/index.php?rest_route=\/wp\/v2\/pages\/145\/revisions"}],"predecessor-version":[{"id":2312,"href":"https:\/\/www.kuenstlergemeinschaft.at\/index.php?rest_route=\/wp\/v2\/pages\/145\/revisions\/2312"}],"wp:attachment":[{"href":"https:\/\/www.kuenstlergemeinschaft.at\/index.php?rest_route=%2Fwp%2Fv2%2Fmedia&parent=145"}],"curies":[{"name":"wp","href":"https:\/\/api.w.org\/{rel}","templated":true}]}}