{"id":15,"date":"2012-02-25T15:58:40","date_gmt":"2012-02-25T15:58:40","guid":{"rendered":"http:\/\/jessner.com\/einmahleins\/?page_id=15"},"modified":"2024-01-08T14:03:38","modified_gmt":"2024-01-08T14:03:38","slug":"literaturtipps","status":"publish","type":"page","link":"https:\/\/www.kuenstlergemeinschaft.at\/?page_id=15","title":{"rendered":"Ausstellungen u.Veranstaltungen"},"content":{"rendered":"<h2>2024<\/h2>\n<p><a href=\"https:\/\/www.kuenstlergemeinschaft.at\/?p=2275\">7.-12.5.2024 K\u00fcnstlergemeinschaft im Wasserturm<\/a><\/p>\n<h2>2023<\/h2>\n<p><a href=\"https:\/\/www.kuenstlergemeinschaft.at\/?p=2166\" aria-current=\"page\">16.-21.5.23 20 Jahre K\u00fcnstlerpaar M.K\u00f6nig &amp; E.Bail im Wasserturm<\/a><\/p>\n<h2>2022<\/h2>\n<p><a class=\"row-title\" href=\"https:\/\/www.kuenstlergemeinschaft.at\/?p= 2146\" aria-label=\"\u201e23.9.22 Ausstellung KG Villa Wertheimstein\u201c (Bearbeiten)\" data-wplink-url-error=\"true\">23.9.22 Ausstellung KG Villa Wertheimstein<\/a><\/p>\n<h2>2021<\/h2>\n<p><a class=\"row-title\" href=\"https:\/\/www.kuenstlergemeinschaft.at\/?p=2063\" aria-label=\"\u201e16.-17. 9.21 E.Bail Einladung ins Wienerwaldatelier Mauerbach\u201c (Bearbeiten)\">16.-17. 9.21 E.Bail Einladung ins Wienerwaldatelier Mauerbach<\/a><br \/><a class=\"row-title\" href=\"https:\/\/www.kuenstlergemeinschaft.at\/?p=2052\" aria-label=\"\u201e22.9.21 M. K\u00f6nig Ausstellung im Tiergarten Sch\u00f6nbrunn\u201c (Bearbeiten)\">22.9.21 M. K\u00f6nig Ausstellung im Tiergarten Sch\u00f6nbrunn<\/a><\/p>\n<h2>2020<\/h2>\n<p><a class=\"row-title\" href=\"https:\/\/www.kuenstlergemeinschaft.at\/?p=2046\" aria-label=\"\u201e19.10.20 Ausstellung im Bergerhaus\u201c (Bearbeiten)\">19.10.20 Ausstellung im Bergerhaus<\/a><\/p>\n<h2>2019<\/h2>\n<p><a class=\"row-title\" href=\"https:\/\/www.kuenstlergemeinschaft.at\/?p=2032\" aria-label=\"\u201e18.10.19 Ausstellung KG Villa Wertheimstein\u201c (Bearbeiten)\">18.10.19 Ausstellung KG Villa Wertheimstein<\/a><br \/><a class=\"row-title\" href=\"https:\/\/www.kuenstlergemeinschaft.at\/wp-admin\/post.php?post=1890&amp;action=edit\" aria-label=\"\u201e1.10.19 Kunstauktion in der Albertina\u201c (Bearbeiten)\">1.10.19 Kunstauktion in der Albertina<\/a><br \/><a class=\"row-title\" href=\"https:\/\/www.kuenstlergemeinschaft.at\/?p=2023\" aria-label=\"\u201e4.9.19 M. K\u00f6nig Ausstellung Langzendorf Museum\u201c (Bearbeiten)\">4.9.19 M. K\u00f6nig Ausstellung Langzendorf Museum<\/a><br \/><a class=\"row-title\" href=\"https:\/\/www.kuenstlergemeinschaft.at\/?p=1882\" aria-label=\"\u201e7.6.19 Ausstellung G.FRANK im DOK N\u00d6\u201c (Bearbeiten)\">7.6.19 Ausstellung G.FRANK im DOK N\u00d6<\/a><\/p>\n<h2>2018<\/h2>\n<p><a href=\"https:\/\/www.kuenstlergemeinschaft.at\/?p=1877\">30.11.2018 M.K\u00f6nig in der Bildergalerie Figl<br \/><\/a><a href=\"https:\/\/www.kuenstlergemeinschaft.at\/?p=1871\">3.11.18. M.K\u00f6nig im Stadtmuseum Mannersdorf<br \/><\/a><a href=\"https:\/\/www.kuenstlergemeinschaft.at\/?p=1859\">27. 09.18 18.00h Kunstauktion \u201eauf Augenh\u00f6he\u201c in der Albertina<br \/><\/a><a href=\"https:\/\/www.kuenstlergemeinschaft.at\/?p=1850\">Ausstellung K\u00f6nig, Gr\u00f6llinger, Bail im Wasserturm<br \/><\/a><a href=\"https:\/\/www.kuenstlergemeinschaft.at\/?p=1842\">20.6.18 M.K\u00f6nig u. E.Bail Ausstellung in Neunkirchen<br \/><\/a><a href=\"https:\/\/www.kuenstlergemeinschaft.at\/?p=1829\">12.5.18 KGWW in der Galerie ArtWagram<\/a><\/p>\n<h2>2017<\/h2>\n<p><a href=\"https:\/\/www.kuenstlergemeinschaft.at\/?p=1820\">12.10.17 KGWW in der ARTS Galerie Ziersdorf<br \/><\/a><a href=\"https:\/\/www.kuenstlergemeinschaft.at\/?p=1796\">12.9.17 um 18:00 Kunstauktion in der Albertina<br \/><\/a><a href=\"https:\/\/www.kuenstlergemeinschaft.at\/?p=1804\">8.9.17 KGWW im Alten Herrenhaus Pottenstein<br \/><\/a><a href=\"https:\/\/www.kuenstlergemeinschaft.at\/?p=1809\">2.9.17 Margit K\u00f6nig im Atelier Bajadere<br \/><\/a><a class=\"row-title\" href=\"https:\/\/www.kuenstlergemeinschaft.at\/wp-admin\/post.php?post=1787&amp;action=edit\">18.5.17 Ausstellung von M. K\u00f6nig Schlossgalerie Fischau<\/a><a href=\"https:\/\/www.kuenstlergemeinschaft.at\/?p=1809\"><br \/><\/a><a class=\"row-title\" href=\"https:\/\/www.kuenstlergemeinschaft.at\/wp-admin\/post.php?post=1773&amp;action=edit\">24.3.17 A.Jessner &amp; B.Krammer Ausstellung GB*14<\/a><\/p>\n<p>\u00a0<\/p>\n<h2>2016<\/h2>\n<p><a style=\"font-size: 16px;\" title=\"25.11.16 M.K\u00f6nig, E.Bail, Eduard D. Galerie \u201cAlte Ordination\u201d\" href=\"https:\/\/www.kuenstlergemeinschaft.at\/?p=1729\">25.11.16 M.K\u00f6nig, E.Bail, Eduard D. Galerie \u201cAlte Ordination\u201d<\/a><br \/><a style=\"font-size: 16px;\" title=\"29.10.16 Fest u Ausstellung 20 Jahre Wienerwaldatelier\" href=\"https:\/\/www.kuenstlergemeinschaft.at\/?p=1721\">29.10.16 Fest u Ausstellung 20 Jahre Wienerwaldatelier<\/a><br \/><a style=\"font-size: 16px;\" title=\"23.9.16 KGWW Bezirksmuseum D\u00f6bling Villa Wertheimstein\" href=\"https:\/\/www.kuenstlergemeinschaft.at\/?p=1695\">23.9.16 KGWW Bezirksmuseum D\u00f6bling Villa Wertheimstein<\/a><br \/><a style=\"font-size: 16px;\" title=\"29.4.15 Erhard Bail, Barockschloss Riegersb. Waldviertel\" href=\"https:\/\/www.kuenstlergemeinschaft.at\/?p=1678\">29.4.15 Erhard Bail, Barockschloss Riegersb. Waldviertel<\/a><br \/><a style=\"font-size: 16px;\" title=\"14.4.16 Margit K\u00f6nig Ausstellung Elefantenhaus Sch\u00f6nbrunn\" href=\"https:\/\/www.kuenstlergemeinschaft.at\/?p=1662\">14.4.16 Margit K\u00f6nig Ausstellung Elefantenhaus Sch\u00f6nbrunn<\/a><\/p>\n<h2>2015<\/h2>\n<p><a style=\"font-size: 16px;\" title=\"13.10.15 Ausstellung Wasserwerke der KG im Wasserturm\" href=\"https:\/\/www.kuenstlergemeinschaft.at\/?p=1514\">13.10.15 Ausstellung Wasserwerke der KG im Wasserturm<br \/><\/a><a style=\"font-size: 16px;\" title=\"3.u.5.10.15 Helmut Hable in der Hofburg Innsbruck\" href=\"https:\/\/www.kuenstlergemeinschaft.at\/?p=1641\">3.u.5.10.15 Helmut Hable in der Hofburg Innsbruck<br \/><\/a><a style=\"font-size: 16px;\" title=\"16.9.15 Beatrix Kutschera, Galerie Schillerplatz\" href=\"https:\/\/www.kuenstlergemeinschaft.at\/?p=1623\">16.9.15 Beatrix Kutschera, Galerie Schillerplatz<br \/><\/a><a style=\"font-size: 16px;\" title=\"14.9.15 Ausstellung u.a. Robert Floch, Alte Schiebekammer\" href=\"https:\/\/www.kuenstlergemeinschaft.at\/?p=1607\">14.9.15 Ausstellung u.a. Robert Floch, Alte Schiebekammer<br \/><\/a><a style=\"font-size: 16px;\" title=\"Permalink to 8.8.15 Ausstellung A.Stasta, P.Kober im Atelier Bajadere\" href=\"https:\/\/www.kuenstlergemeinschaft.at\/?p=1579\" rel=\"bookmark\">8.8.15 Ausstellung A.Stasta, P.Kober im Atelier Bajadere<br \/><\/a><a style=\"font-size: 16px;\" title=\"Permalink to 20.5.15 Ausstellung R.Floch im Atelier Erich Frey\" href=\"https:\/\/www.kuenstlergemeinschaft.at\/?p=1553\" rel=\"bookmark\">20.5.15 Ausstellung R.Floch im Atelier Erich Frey<br \/><\/a><a style=\"font-size: 16px;\" title=\"8.4.14 Ausstellung M.K\u00f6nig \u2013 Ausstellungsbr\u00fccke St.P\u00f6lten\" href=\"https:\/\/www.kuenstlergemeinschaft.at\/?p=1519\">8.4.15 Ausstellung M.K\u00f6nig, Ausstellungsbr\u00fccke St.P\u00f6lten<\/a><\/p>\n<h2>2014<\/h2>\n<p><a title=\"Permalink to 5.11.14 Ausstellung \u201cIm Westen viel Neues\u201d in der BH Mistelbach\" href=\"https:\/\/www.kuenstlergemeinschaft.at\/?p=1357\" rel=\"bookmark\">5.11.14 Ausstellung \u201cIm Westen viel Neues\u201d in der BH Mistelbach<br \/><\/a><a title=\"31.10.14 E.Bail u. A.Jessner im Kunstverein Mistelbach\" href=\"https:\/\/www.kuenstlergemeinschaft.at\/?p=1443\">31.10.14 E.Bail u. A.Jessner im Kunstverein Mistelbach<br \/><\/a><a title=\"3.10.14 M.K\u00f6nig, G.Gr\u00f6llinger, E.Bail \u2013 Museumsv. Laxemburg\" href=\"https:\/\/www.kuenstlergemeinschaft.at\/?p=1420\">3.10.14 M.K\u00f6nig, G.Gr\u00f6llinger, E.Bail \u2013 Museumsv. Laxemburg<br \/><\/a><a title=\"30.9.14 Jessner, Krammer, Lang \u201cDie Wasserstadt im Wasserturm\u201d\" href=\"https:\/\/www.kuenstlergemeinschaft.at\/?p=1432\">30.9.14 Jessner, Krammer, Lang \u201cDie Wasserstadt im Wasserturm\u201d<br \/><\/a><a title=\"5.9.14 Ausstellung im Schloss Gloggnitz\" href=\"https:\/\/www.kuenstlergemeinschaft.at\/?p=1400\">5.9.14 Ausstellung im Schloss Gloggnitz<br \/><\/a><a title=\"9.5.14 Ausstellung Paradies : Landschaft\" href=\"https:\/\/www.kuenstlergemeinschaft.at\/?p=1374\">9.5.14 Ausstellung Paradies : Landschaft<\/a><\/p>\n<p><a style=\"font-size: 16px;\" title=\"2.5.14 Ausstellung im Rathaus der Stadt Wien\" href=\"https:\/\/www.kuenstlergemeinschaft.at\/?p=1364\">2.5.14 Ausstellung im Rathaus der Stadt Wien<br \/><\/a><a title=\"3.3.14 Ausstellung Botschaften aus dem Weinviertel im WIFI Wien\" href=\"https:\/\/www.kuenstlergemeinschaft.at\/?p=1280\">3.3.14 Ausstellung Botschaften aus dem Weinviertel im WIFI Wien<\/a><\/p>\n<h2>2013<\/h2>\n<p><a title=\"30.11.13 Helmut Hable \u2013 Ausstellung Kunsthandel Stock\" href=\"https:\/\/www.kuenstlergemeinschaft.at\/?p=1270\">30.11.13 Helmut Hable \u2013 Ausstellung Kunsthandel Stock<br \/><\/a><a title=\"26.9.13 Hable, Jessner, Stasta \u2013 \u201cNitsch\u2019s Sch\u00fcler \u2013 Wege der Aktionsmalerei\u201d\" href=\"https:\/\/www.kuenstlergemeinschaft.at\/?p=1216\">26.9.13 Hable, Jessner, Stasta \u2013\u00a0<\/a><a title=\"26.9.13 Hable, Jessner, Stasta \u2013 \u201cNITSCH SCH\u00dcLER | WEGE DER AKTIONSMALEREI\u201d\" href=\"https:\/\/www.kuenstlergemeinschaft.at\/?p=1216\">\u201cNITSCH SCH\u00dcLER | WEGE DER AKTIONSMALEREI\u201d<br \/><\/a><a title=\"26.9.13 Gerhard Gutruf im italienischen Kulturinstitut\" href=\"https:\/\/www.kuenstlergemeinschaft.at\/?p=1238\">26.9.13 Gerhard Gutruf im italienischen Kulturinstitut<br \/><\/a><a title=\"6.9.13 Margit K\u00f6nig in der Galerie 5er Haus, Reichenau\" href=\"https:\/\/www.kuenstlergemeinschaft.at\/?p=1199\">6.9.13 Margit K\u00f6nig in der Galerie 5er Haus, Reichenau<br \/><\/a><a title=\"Permalink to Kunstsymposium 2013 in R\u00f6schitz\" href=\"https:\/\/www.kuenstlergemeinschaft.at\/?p=927\" rel=\"bookmark\">9.7.13 Kunstsymposium 2013 in R\u00f6schitz<br \/><\/a><a title=\"7.6.13 vierzehn \u2013 Gerhard W. Schmidbauer im DOK N\u00d6\" href=\"https:\/\/www.kuenstlergemeinschaft.at\/?p=1188\">7.6.13 vierzehn \u2013 Gerhard W. Schmidbauer im DOK N\u00d6<br \/><\/a><a title=\"7.5.13 Helmut Hable in der Kleinen Galerie\" href=\"https:\/\/www.kuenstlergemeinschaft.at\/?p=1183\">7.5.13 Helmut Hable in der Kleinen Galerie<br \/><\/a><a title=\"10.5. Jahresausstellung 2013 \u2013 24 Stunden RETZ\" href=\"https:\/\/www.kuenstlergemeinschaft.at\/?p=1016\">10.5. Jahresausstellung 2013 \u2013 24 Stunden RETZ<br \/><\/a><a title=\"3.5. AKTE Ausstellung der K\u00fcnstlergemeinschaft\" href=\"https:\/\/www.kuenstlergemeinschaft.at\/?p=1071\">3.5. AKTE Ausstellung der K\u00fcnstlergemeinschaft<br \/><\/a><a title=\"2.5.13 Ausstellung Beatrix Kutschera, Galerie im Konzerthaus\" href=\"https:\/\/www.kuenstlergemeinschaft.at\/?p=1176\">2.5.13 Ausstellung Beatrix Kutschera, Galerie im Konzerthaus<br \/><\/a><a title=\"30.4.13 Ausstellung Anton Jessner in Mailberg\" href=\"https:\/\/www.kuenstlergemeinschaft.at\/?p=1105\">30.4. Ausstellung Anton Jessner in Mailberg<br \/><\/a><a title=\"27.3. Ausstellung H. Hable u. S. Riegelnik in der Kleinen Galerie\" href=\"https:\/\/www.kuenstlergemeinschaft.at\/?p=1039\">27.3. Ausstellung H. Hable u. S. Riegelnik in der Kleinen Galerie<br \/><\/a><a title=\"7.3. Ausstellung Andreas Stasta in der Galerie Immobilien\" href=\"https:\/\/www.kuenstlergemeinschaft.at\/?p=1031\">7.3. Ausstellung Andreas Stasta in der Galerie Immobilien<br \/><\/a><a title=\"28.2. Ausstellung M. K\u00f6nig u. J. Finger in der ARTS Galerie\" href=\"https:\/\/www.kuenstlergemeinschaft.at\/?p=1010\">28.2. Ausstellung M. K\u00f6nig u. J. Finger in der ARTS Galerie<\/a><\/p>\n<h2>2012<\/h2>\n<p><strong>Jahresausstellung der K\u00fcnstlergemeinschaft<\/strong><br \/>2.-15. Nov. 2012<br \/>Wienerwaldmuseum, Hauptstra\u00dfe 17, Eichgraben<\/p>\n<p><strong>Kunstsymposium mit Ausstellung in Gro\u00dfkadolz-Seefeld<br \/><\/strong>14. Juli 2012<br \/>Auf Initiative von Gerhard Schmidbauer findet im Sommer 2012, im Rahmen der Malergespr\u00e4che in seinem Atelier, ein K\u00fcnstlersymposium in seinem Heimatort Gro\u00dfkadolz statt. Am letzten Tag findet im Kulturstadl eine Ausstellung der Werke statt.<\/p>\n<h2>2011<\/h2>\n<p><strong>Jahresausstellung &#8222;Bunte Kellergasse&#8220;<\/strong><br \/>20.08.2011<br \/>Jahresausstellung der\u00a0K\u00fcnstlergemeinschaft beim Kellergassenfest Poysdorf<\/p>\n<h2>2010<\/h2>\n<p><strong>Kulturstadl Siebenhirten bei Mistelbach<\/strong><br \/>27. Juni 2010\u00a025.06. &#8211; 27.06.2010<br \/><a href=\"http:\/\/www.kuenstlergemeinschaftwestlichesweinviertel.at\/baier_heinz.html\">Heinz Baier<\/a>\u00a0Helga Berger\u00a0<a href=\"http:\/\/www.kuenstlergemeinschaftwestlichesweinviertel.at\/gerhard_schmidbauer.html\">G. W. Schmidbauer<br \/><\/a>Symposium und Ausstellung (3 Wochen) mit in- und ausl\u00e4ndischen K\u00fcnstlern.<\/p>\n<p><strong>&#8222;Tier-Mensch-Land-Objektwelten&#8220;<\/strong><br \/>3. Juli 2010\u00a003.07.- 29.08.2010<br \/>Gauermannmuseum in Miesenbach-Scheuchenstein\/N\u00d6<br \/><a href=\"http:\/\/www.kuenstlergemeinschaftwestlichesweinviertel.at\/erhard_bail.html\">E. Bail<\/a>\u00a0Margit K\u00f6nig\u00a0<a href=\"http:\/\/www.kuenstlergemeinschaftwestlichesweinviertel.at\/gerhard_schmidbauer.html\">G. W. Schmidbauer<\/a>\u00a0<a href=\"http:\/\/www.kuenstlergemeinschaftwestlichesweinviertel.at\/steiner_magdalena.html\">M. Steine<\/a><\/p>\n<p><strong>Ausstellung im Bergerhaus, Gumpoldskirchen<\/strong><br \/>14.07.2010, 19 Uhr 15.07. &#8211; 25.07.2010<br \/>Diverse K\u00fcnstler der K\u00fcnstlergemeinschaft pr\u00e4sentieren ihre Werke.<\/p>\n<p><strong>Bunte Kellergasse in Poysdorf<\/strong><br \/>14.08. &#8211; 15.08.2010<br \/>Kunst &amp; Kulinarisches im Weinviertel<br \/><a href=\"http:\/\/www.kuenstlergemeinschaftwestlichesweinviertel.at\/gerhard_schmidbauer.html\">G. W. Schmidbauer<\/a>\u00a0<a href=\"http:\/\/www.kuenstlergemeinschaftwestlichesweinviertel.at\/mazzucco_eva.html\">E. Mazzucco<\/a>\u00a0<a href=\"http:\/\/www.kuenstlergemeinschaftwestlichesweinviertel.at\/baier_heinz.html\">H. Baier<\/a>\u00a0<a href=\"http:\/\/www.kuenstlergemeinschaftwestlichesweinviertel.at\/kern_helmut.html\">H. Kern<\/a><\/p>\n<p><strong>Dokumentationszentrum f\u00fcr Moderne Kunst<\/strong><br \/>03.09.- 03.10.2010<br \/>B. Wunder<br \/>J\u00e4hrliche Ausstellung der 13 K\u00fcnstlervereine Nieder\u00f6sterreichs. Die K\u00fcnstlergemeinschaft wird 2010 von Bibiane Wunder vertreten.<\/p>\n<h2>2009<\/h2>\n<p><strong>&#8222;Botschaften aus dem Weinviertel&#8220;<\/strong><br \/>1. Oktober 200901.10. &#8211; 11.10.2009<br \/>K\u00fcnstlerpositionen der K\u00fcnstlergemeinschaft im Minoritenkloster Tulln,<br \/>Aquarell, Tempera, Gouache, \u00d6l und Acryl, Zeichnung, Mischtechnik, Keramik, Kunstfotografie, Reliefschnittgrafik\u00a0durch Herrn BGM Willi Stift&#8220;Worte will ich s\u00e4en&#8220; &#8211; Texte von und mit Elisabeth Sch\u00f6ffl-P\u00f6ll,\u00a0Buffet und Getr\u00e4nke: Weinbau Fam. St\u00f6ckl, Zellerndorf<\/p>\n<p><strong>Lange Nacht der Museen: Samstag, 3. Oktober 2009, 18 &#8211; 24 Uhr<\/strong><br \/>1. bis 11. Oktober 2009,\u00a0Konzert um 20 Uhr und 22 Uhr<br \/>&#8222;Faszination Gitarre&#8220; &#8211; Carlo Duvivi\u00e9, Klassische Gitarre<br \/>Weinverkostung &#8211; Familie St\u00f6ckl, Zellerndorf<br \/>Helmut Kern\u00a0Bibiane Wunder\u00a0Maria St\u00f6ckl\u00a0<a href=\"http:\/\/www.kuenstlergemeinschaftwestlichesweinviertel.at\/steiner_magdalena.html\">Magdalena Steiner<\/a>\u00a0Irmtraud Schmidl\u00a0<a href=\"http:\/\/www.kuenstlergemeinschaftwestlichesweinviertel.at\/gerhard_schmidbauer.html\">Gerhard W. Schmidbauer<\/a>\u00a0Helmut Rogenhofer\u00a0<a href=\"http:\/\/www.kuenstlergemeinschaftwestlichesweinviertel.at\/mazzucco_eva.html\">Eva Mazzucco<\/a>\u00a0Margit K\u00f6nig\u00a0<a href=\"http:\/\/www.kuenstlergemeinschaftwestlichesweinviertel.at\/hable_helmut.html\">Helmut Hable<\/a>\u00a0Wolfgang Gonaus\u00a0Egidius Golob\u00a0Gaby Epp\u00a0Helga Berger\u00a0Lieselotte Balic\u00a0<a href=\"http:\/\/www.kuenstlergemeinschaftwestlichesweinviertel.at\/baier_heinz.html\">Heinz Baier<\/a>\u00a0<a href=\"http:\/\/www.kuenstlergemeinschaftwestlichesweinviertel.at\/erhard_bail.html\">Erhard Bail<\/a><\/p>\n<h2>2008<\/h2>\n<p><strong>Seminar &#8211;\u00a025 Jahre K\u00fcnstlergemeinschaft<\/strong><br \/>03.09. &#8211; 07.09.2008<br \/>Seminar mit K\u00fcnstlerInnen der K\u00fcnstlergemeinschaft in\u00a0Straden\/Steiermark<\/p>\n<p><strong>Ausstellung \u00a025 Jahre K\u00fcnstlergemeinschaft<\/strong><br \/>15.05. &#8211; 01.06.2008<br \/>Belvedereschl\u00f6\u00dfel Stockerau, N\u00d6<\/p>\n<h2>2007<\/h2>\n<p>Gartenbaumuseum, Wien<br \/>Wienerwaldatelier, Mauerbach\/N\u00d6<\/p>\n<h2>2006<\/h2>\n<p>Galerie &#8222;time&#8220;, Wien<\/p>\n<h2>2005<\/h2>\n<p>Schloss Margarethen, Moos\/N\u00d6<br \/>Rostockvilla, Klosterneuburg &#8212;&gt; Pressemeldung<\/p>\n<h2>2004<\/h2>\n<p>Privatklinik &#8222;Triumphpforte, Innsbruck\/Tirol<\/p>\n<h2>2003<\/h2>\n<p>Belvedereschl\u00f6ssl, Stockerau\/N\u00d6 &#8212;&gt; Pressemeldung<\/p>\n<h2>2001<\/h2>\n<p>Pavillon im Mirabellgarten, Salzburg &#8212;&gt; Fotos<\/p>\n<h2>2000<\/h2>\n<p>Rathaus und Raika, Retz\/N\u00d6 &#8212;&gt; Pressemeldung<\/p>\n<h2>1999<\/h2>\n<p>Wein\/4-art, Kulturhof, Poysdorf-Kl. Hadersdorf\/N\u00d6<\/p>\n<h2>1997<\/h2>\n<p>Palais Wittgenstein, Wien<\/p>\n<h2>1996<\/h2>\n<p>Frauendorfer Ateliertage, N\u00d6<\/p>\n<h2>1995<\/h2>\n<p>Frauendorfer Ateliertage, N\u00d6<\/p>\n<h3>1994<\/h3>\n<p>Frauendorfer Ateliertage, N\u00d6<\/p>\n<h2>1993<\/h2>\n<p>Sitzendorfer Kulturtage, N\u00d6<br \/>Frauendorfer Ateliertage, N\u00d6<\/p>\n<h2>1992<\/h2>\n<p>Sitzendorfer Kulturtage, N\u00d6<br \/>Frauendorfer Ateliertage, N\u00d6<\/p>\n<h2>1991<\/h2>\n<p>Dokumentationszentrum, St. P\u00f6lten\/N\u00d6<br \/>Schloss Wetzdorf, N\u00d6<br \/>Galerie im Merkurhof, Innsbruck\/Tirol<br \/>Alte Hofm\u00fchle, Hollabrunn\/N\u00d6<br \/>Schloss Valtice, Tschechien<br \/>Kulturzentrum Tisaketske, Ungarn<br \/>Sitzendorfer Kulturtage, N\u00d6<br \/>Frauendorfer Ateliertage, N\u00d6<\/p>\n<h2>1990<\/h2>\n<p>Gotikhalle Langenlois, N\u00d6<br \/>Sitzendorfer Kulturtage, N\u00d6<br \/>Frauendorfer Ateliertage, N\u00d6<\/p>\n<h2>1989<\/h2>\n<p>Stra\u00dfwalchen Kulturzentrum, Salzburg<br \/>Sitzendorfer Kulturtage, N\u00d6<br \/>Frauendorfer Ateliertage, N\u00d6<\/p>\n<h2>1988<\/h2>\n<p>Donaufestival &#8222;Der Schmid und die DonauWellen&#8220;, Lyrikfestival, Frauendorf, Sitzendorf, Goggendorf, Guntersdorf, Gro\u00df\/N\u00d6<br \/>Kulturzentrum Taxham, Salzburg<br \/>Villa Wertheimstein, Wien<br \/>Sitzendorfer Kulturtage, N\u00d6<br \/>Frauendorfer Ateliertage, N\u00d6<\/p>\n<h2>1987<\/h2>\n<p>Sitzendorfer Kulturtage, N\u00d6<br \/>Frauendorfer Ateliertage, N\u00d6<\/p>\n<h2>1986<\/h2>\n<p>Barockschl\u00f6ssl Mistelbach\/N\u00d6 &#8211; Drei Ausstellungen<br \/>Sitzendorfer Kulturtage, N\u00d6<br \/>Frauendorfer Ateliertage, N\u00d6<\/p>\n<h2>1985<\/h2>\n<p>Palais Liechtenstein, Feldkirch\/Vorarlberg<br \/>Sitzendorfer Kulturtage, N\u00d6<br \/>Frauendorfer Ateliertage, N\u00d6<\/p>\n<h2>1984<\/h2>\n<p>Sitzendorfer Kulturtage, N\u00d6<br \/>Frauendorfer Ateliertage, N\u00d6<\/p>\n<h2>1983<\/h2>\n<p>Ursulinenhof-Landeskulturzentrum, Linz\/O\u00d6<br \/>Sitzendorfer Kulturtage, N\u00d6<br \/>Frauendorfer Ateliertage, N\u00d6<\/p>\n<h2>1982<\/h2>\n<p>&#8222;Alte Post&#8220;, Hollabrunn\/N\u00d6<\/p>\n\n\n<p><\/p>\n","protected":false},"excerpt":{"rendered":"<p>2024 7.-12.5.2024 K\u00fcnstlergemeinschaft im Wasserturm 2023 16.-21.5.23 20 Jahre K\u00fcnstlerpaar M.K\u00f6nig &amp; E.Bail im Wasserturm 2022 23.9.22 Ausstellung KG Villa Wertheimstein 2021 16.-17. 9.21 E.Bail Einladung ins Wienerwaldatelier Mauerbach22.9.21 M. K\u00f6nig Ausstellung im Tiergarten Sch\u00f6nbrunn 2020 19.10.20 Ausstellung im Bergerhaus &hellip; <a href=\"https:\/\/www.kuenstlergemeinschaft.at\/?page_id=15\">Weiterlesen <span class=\"meta-nav\">&rarr;<\/span><\/a><\/p>\n","protected":false},"author":1,"featured_media":41,"parent":0,"menu_order":0,"comment_status":"open","ping_status":"closed","template":"","meta":{"footnotes":""},"_links":{"self":[{"href":"https:\/\/www.kuenstlergemeinschaft.at\/index.php?rest_route=\/wp\/v2\/pages\/15"}],"collection":[{"href":"https:\/\/www.kuenstlergemeinschaft.at\/index.php?rest_route=\/wp\/v2\/pages"}],"about":[{"href":"https:\/\/www.kuenstlergemeinschaft.at\/index.php?rest_route=\/wp\/v2\/types\/page"}],"author":[{"embeddable":true,"href":"https:\/\/www.kuenstlergemeinschaft.at\/index.php?rest_route=\/wp\/v2\/users\/1"}],"replies":[{"embeddable":true,"href":"https:\/\/www.kuenstlergemeinschaft.at\/index.php?rest_route=%2Fwp%2Fv2%2Fcomments&post=15"}],"version-history":[{"count":83,"href":"https:\/\/www.kuenstlergemeinschaft.at\/index.php?rest_route=\/wp\/v2\/pages\/15\/revisions"}],"predecessor-version":[{"id":2367,"href":"https:\/\/www.kuenstlergemeinschaft.at\/index.php?rest_route=\/wp\/v2\/pages\/15\/revisions\/2367"}],"wp:featuredmedia":[{"embeddable":true,"href":"https:\/\/www.kuenstlergemeinschaft.at\/index.php?rest_route=\/wp\/v2\/media\/41"}],"wp:attachment":[{"href":"https:\/\/www.kuenstlergemeinschaft.at\/index.php?rest_route=%2Fwp%2Fv2%2Fmedia&parent=15"}],"curies":[{"name":"wp","href":"https:\/\/api.w.org\/{rel}","templated":true}]}}