{"id":151,"date":"2012-02-26T20:19:42","date_gmt":"2012-02-26T20:19:42","guid":{"rendered":"http:\/\/jessner.com\/einmahleins\/?page_id=151"},"modified":"2013-01-20T22:31:42","modified_gmt":"2013-01-20T22:31:42","slug":"mazzucco-eva","status":"publish","type":"page","link":"https:\/\/www.kuenstlergemeinschaft.at\/?page_id=151","title":{"rendered":"Mazzucco Eva"},"content":{"rendered":"<h2>Biographie<\/h2>\n<div id=\"makeMeScrollable\">\n<div class=\"scrollingHotSpotLeft\"><\/div>\n<div class=\"scrollingHotSpotRight\"><\/div>\n<div class=\"scrollWrapper\">\n<div class=\"scrollableArea\" ><img decoding=\"async\" src=\"https:\/\/www.kuenstlergemeinschaft.at\/wp-content\/themes\/twentyten\/images\/mazzucco_010.jpg\"\/><img decoding=\"async\" src=\"https:\/\/www.kuenstlergemeinschaft.at\/wp-content\/themes\/twentyten\/images\/mazzucco_020.jpg\"\/><img decoding=\"async\" src=\"https:\/\/www.kuenstlergemeinschaft.at\/wp-content\/themes\/twentyten\/images\/mazzucco_030.jpg\"\/><\/div>\n<\/div>\n<\/div>\n<p>Eva Mazzucco, am 21. November 1925 in Strobl\/Wolfgangsee geboren (verstorben 2013 in Salzburg).<br \/>\nInternational anerkannte Bildhauerin, Malerin und Grafikerin. Sie studierte an der Akademie f\u00fcr angewandte Kunst und erwarb 1955 das Diplom f\u00fcr Bildhauerei (Mag. art).<\/p>\n<p>F\u00fcr die Stadt Wien und mehrere andere St\u00e4dte schuf sie etwa 60 Skulpturen f\u00fcr den \u00f6ffentlichen Raum, u. a. den &#8222;Sich Sonnenden&#8220; &#8211; Alte Donau\/Arbeiterstrandbad. In \u00fcber hundert internationalen Einzelausstellungen zeigte sie ihre bildhauerischen und grafischen Werke, europaweit sowie u. a. in Ottawa, Tokio, San Salvador, Shanghai und Moskau.<\/p>\n<p>Ihre Werke befinden sich in zahlreichen privaten und \u00f6ffentlichen Sammlungen, unter anderem in jenen der Stadt Wien, der Salzburger Landesregierung, der \u00d6sterreichischen Galerie Wien sowie in der Sammlung Leopold.<\/p>\n<p>Eva Mazzucco erhielt zahlreiche Auszeichnungen. 1954 erhielt sie den Jugendpreis der Stadt Wien, 1962 den Kunstf\u00f6rderungspreis des Wiener Kunstfonds, 1962 die Goldene Ehrenmedaille des Wiener K\u00fcnstlerhauses, 1969 die Silbermedaille bei der Biennale in Ancona.<\/p>\n<p>1992 wurde sie mit dem Ehrentitel &#8222;Professor&#8220; ausgezeichnet. Sie war auch Mitglied des K\u00fcnstlerhauses Wien und des K\u00fcnstlerhauses Salzburg.<\/p>\n<h2>Kontakt<\/h2>\n<p><a href=\"https:\/\/www.kuenstlergemeinschaft.at\/wp-content\/uploads\/2012\/02\/mazzucco_kl-1.jpg\"><img loading=\"lazy\" decoding=\"async\" class=\"alignnone size-full wp-image-415\" title=\"mazzucco_kl-1\" src=\"https:\/\/www.kuenstlergemeinschaft.at\/wp-content\/uploads\/2012\/02\/mazzucco_kl-1.jpg\" alt=\"\" width=\"146\" height=\"200\" \/><\/a><\/p>\n<p>&nbsp;<\/p>\n","protected":false},"excerpt":{"rendered":"<p>Biographie Eva Mazzucco, am 21. November 1925 in Strobl\/Wolfgangsee geboren (verstorben 2013 in Salzburg). International anerkannte Bildhauerin, Malerin und Grafikerin. Sie studierte an der Akademie f\u00fcr angewandte Kunst und erwarb 1955 das Diplom f\u00fcr Bildhauerei (Mag. art). F\u00fcr die Stadt &hellip; <a href=\"https:\/\/www.kuenstlergemeinschaft.at\/?page_id=151\">Weiterlesen <span class=\"meta-nav\">&rarr;<\/span><\/a><\/p>\n","protected":false},"author":1,"featured_media":0,"parent":0,"menu_order":0,"comment_status":"open","ping_status":"closed","template":"","meta":{"footnotes":""},"_links":{"self":[{"href":"https:\/\/www.kuenstlergemeinschaft.at\/index.php?rest_route=\/wp\/v2\/pages\/151"}],"collection":[{"href":"https:\/\/www.kuenstlergemeinschaft.at\/index.php?rest_route=\/wp\/v2\/pages"}],"about":[{"href":"https:\/\/www.kuenstlergemeinschaft.at\/index.php?rest_route=\/wp\/v2\/types\/page"}],"author":[{"embeddable":true,"href":"https:\/\/www.kuenstlergemeinschaft.at\/index.php?rest_route=\/wp\/v2\/users\/1"}],"replies":[{"embeddable":true,"href":"https:\/\/www.kuenstlergemeinschaft.at\/index.php?rest_route=%2Fwp%2Fv2%2Fcomments&post=151"}],"version-history":[{"count":11,"href":"https:\/\/www.kuenstlergemeinschaft.at\/index.php?rest_route=\/wp\/v2\/pages\/151\/revisions"}],"predecessor-version":[{"id":992,"href":"https:\/\/www.kuenstlergemeinschaft.at\/index.php?rest_route=\/wp\/v2\/pages\/151\/revisions\/992"}],"wp:attachment":[{"href":"https:\/\/www.kuenstlergemeinschaft.at\/index.php?rest_route=%2Fwp%2Fv2%2Fmedia&parent=151"}],"curies":[{"name":"wp","href":"https:\/\/api.w.org\/{rel}","templated":true}]}}