{"id":153,"date":"2012-02-26T20:19:55","date_gmt":"2012-02-26T20:19:55","guid":{"rendered":"http:\/\/jessner.com\/einmahleins\/?page_id=153"},"modified":"2024-01-08T12:50:45","modified_gmt":"2024-01-08T12:50:45","slug":"pliem-stockl-erni","status":"publish","type":"page","link":"https:\/\/www.kuenstlergemeinschaft.at\/?page_id=153","title":{"rendered":"Pliem-St\u00f6ckl Erni"},"content":{"rendered":"<h2>Biographie<\/h2>\n<div id=\"makeMeScrollable\">\n<div class=\"scrollingHotSpotLeft\"><\/div>\n<\/div>\n<p>Geboren: 1939<\/p>\n<p>In Salzburg geboren arbeitete Erna Pliem-St\u00f6ckl die Erfahrungen zahlreicher Auslansaufenthalte ein. Fremdl\u00e4ndisch, Neugierde weckend sprechen die Arbeiten der K\u00fcnstlerin durch ihre lebensfrohe Farbenpracht und munterer Linien den Betrachter an.<\/p>\n<h2>Kontakt<\/h2>\n<p>Atelier am Glanzh\u00fcgel<br \/>\nBuchberg 6<br \/>\n5202 Neumarkt am Wallersee<\/p>\n","protected":false},"excerpt":{"rendered":"<p>Biographie Geboren: 1939 In Salzburg geboren arbeitete Erna Pliem-St\u00f6ckl die Erfahrungen zahlreicher Auslansaufenthalte ein. Fremdl\u00e4ndisch, Neugierde weckend sprechen die Arbeiten der K\u00fcnstlerin durch ihre lebensfrohe Farbenpracht und munterer Linien den Betrachter an. Kontakt Atelier am Glanzh\u00fcgel Buchberg 6 5202 Neumarkt &hellip; <a href=\"https:\/\/www.kuenstlergemeinschaft.at\/?page_id=153\">Weiterlesen <span class=\"meta-nav\">&rarr;<\/span><\/a><\/p>\n","protected":false},"author":1,"featured_media":0,"parent":0,"menu_order":0,"comment_status":"open","ping_status":"open","template":"","meta":{"footnotes":""},"_links":{"self":[{"href":"https:\/\/www.kuenstlergemeinschaft.at\/index.php?rest_route=\/wp\/v2\/pages\/153"}],"collection":[{"href":"https:\/\/www.kuenstlergemeinschaft.at\/index.php?rest_route=\/wp\/v2\/pages"}],"about":[{"href":"https:\/\/www.kuenstlergemeinschaft.at\/index.php?rest_route=\/wp\/v2\/types\/page"}],"author":[{"embeddable":true,"href":"https:\/\/www.kuenstlergemeinschaft.at\/index.php?rest_route=\/wp\/v2\/users\/1"}],"replies":[{"embeddable":true,"href":"https:\/\/www.kuenstlergemeinschaft.at\/index.php?rest_route=%2Fwp%2Fv2%2Fcomments&post=153"}],"version-history":[{"count":10,"href":"https:\/\/www.kuenstlergemeinschaft.at\/index.php?rest_route=\/wp\/v2\/pages\/153\/revisions"}],"predecessor-version":[{"id":2352,"href":"https:\/\/www.kuenstlergemeinschaft.at\/index.php?rest_route=\/wp\/v2\/pages\/153\/revisions\/2352"}],"wp:attachment":[{"href":"https:\/\/www.kuenstlergemeinschaft.at\/index.php?rest_route=%2Fwp%2Fv2%2Fmedia&parent=153"}],"curies":[{"name":"wp","href":"https:\/\/api.w.org\/{rel}","templated":true}]}}