{"id":157,"date":"2012-02-26T20:20:15","date_gmt":"2012-02-26T20:20:15","guid":{"rendered":"http:\/\/jessner.com\/einmahleins\/?page_id=157"},"modified":"2024-01-08T14:14:20","modified_gmt":"2024-01-08T14:14:20","slug":"racek-irena","status":"publish","type":"page","link":"https:\/\/www.kuenstlergemeinschaft.at\/?page_id=157","title":{"rendered":"Racek Irena"},"content":{"rendered":"<h2>Biographie<\/h2>\n<div id=\"makeMeScrollable\">\n<div class=\"scrollingHotSpotRight\"><\/div>\n<\/div>\n<p>1963-68 H\u00f6here Schule f\u00fcr angewandte Kunst in Brno und Uhersk\u00e9 Hradi\u0161t\u011b, \u010cSSR<br \/>\n1968 Emigration nach \u00d6sterreich<br \/>\n1973 dreimonatiger Studienaufenthalt in Ost-Afrika<br \/>\n1973-93 Illustration zahlreicher Kinder-b\u00fccher f\u00fcr internationale Verlage<br \/>\n1980-90 Organisation der Sitzendorfer Kulturtage (Programmkonzeption)<br \/>\n1988 Altarbild f\u00fcr das Priesterseminar in Hollabrunn, N\u00d6<br \/>\n1998-2007 Teilnahme an internationalen Kunstsymposien im Schloss Wetzdorf, N\u00d6; P\u00f6chlarn, N\u00d6 (\u203aAtelier an der Donau\u2039); Hodon\u00edn, \u010cR (\u203aKleines Format\u2039); Falkenstein, N\u00d6 (\u203aMut zur L\u00fccke\u2039)<br \/>\n2003 Entwurf und Ausf\u00fchrung einer Monumentalskulptur aus Rundholz und gestampfter Erde \u203aTor zum Neolithikum\u2039 in Puch, N\u00d6<br \/>\n2004 Gestaltung vierer ca. 3m hoher Wand-reliefe im Lehm-Passivhaus der Firma \u203aNatur und Lehm\u2039 in Tattendorf, N\u00d6 Konzeption und Durchf\u00fchrung des Kunst-projektes \u203aH\u00f6hlenwelten\u2039 im Rahmen des Weinviertel Festivals<\/p>\n<h2>Kontakt<\/h2>\n<p><img decoding=\"async\" src=\"https:\/\/www.kuenstlergemeinschaft.at\/wp-content\/themes\/twentyten\/images\/racek.jpg\" alt=\"Irena Racek\" height=\"200\" \/><br \/>\n<a title=\"http:\/\/www.irena-racek.at\" href=\"http:\/\/www.irena-racek.at\" target=\"_blank\" rel=\"noopener\">www.irena-racek.at<\/a><\/p>\n","protected":false},"excerpt":{"rendered":"<p>Biographie 1963-68 H\u00f6here Schule f\u00fcr angewandte Kunst in Brno und Uhersk\u00e9 Hradi\u0161t\u011b, \u010cSSR 1968 Emigration nach \u00d6sterreich 1973 dreimonatiger Studienaufenthalt in Ost-Afrika 1973-93 Illustration zahlreicher Kinder-b\u00fccher f\u00fcr internationale Verlage 1980-90 Organisation der Sitzendorfer Kulturtage (Programmkonzeption) 1988 Altarbild f\u00fcr das Priesterseminar &hellip; <a href=\"https:\/\/www.kuenstlergemeinschaft.at\/?page_id=157\">Weiterlesen <span class=\"meta-nav\">&rarr;<\/span><\/a><\/p>\n","protected":false},"author":1,"featured_media":0,"parent":0,"menu_order":0,"comment_status":"open","ping_status":"open","template":"","meta":{"footnotes":""},"_links":{"self":[{"href":"https:\/\/www.kuenstlergemeinschaft.at\/index.php?rest_route=\/wp\/v2\/pages\/157"}],"collection":[{"href":"https:\/\/www.kuenstlergemeinschaft.at\/index.php?rest_route=\/wp\/v2\/pages"}],"about":[{"href":"https:\/\/www.kuenstlergemeinschaft.at\/index.php?rest_route=\/wp\/v2\/types\/page"}],"author":[{"embeddable":true,"href":"https:\/\/www.kuenstlergemeinschaft.at\/index.php?rest_route=\/wp\/v2\/users\/1"}],"replies":[{"embeddable":true,"href":"https:\/\/www.kuenstlergemeinschaft.at\/index.php?rest_route=%2Fwp%2Fv2%2Fcomments&post=157"}],"version-history":[{"count":8,"href":"https:\/\/www.kuenstlergemeinschaft.at\/index.php?rest_route=\/wp\/v2\/pages\/157\/revisions"}],"predecessor-version":[{"id":2373,"href":"https:\/\/www.kuenstlergemeinschaft.at\/index.php?rest_route=\/wp\/v2\/pages\/157\/revisions\/2373"}],"wp:attachment":[{"href":"https:\/\/www.kuenstlergemeinschaft.at\/index.php?rest_route=%2Fwp%2Fv2%2Fmedia&parent=157"}],"curies":[{"name":"wp","href":"https:\/\/api.w.org\/{rel}","templated":true}]}}