{"id":165,"date":"2012-02-26T20:20:56","date_gmt":"2012-02-26T20:20:56","guid":{"rendered":"http:\/\/jessner.com\/einmahleins\/?page_id=165"},"modified":"2024-01-08T10:44:14","modified_gmt":"2024-01-08T10:44:14","slug":"steiner-magdalena","status":"publish","type":"page","link":"https:\/\/www.kuenstlergemeinschaft.at\/?page_id=165","title":{"rendered":"Steiner Magdalena"},"content":{"rendered":"<h2>Biographie<\/h2>\n<div id=\"makeMeScrollable\">\n<div class=\"scrollWrapper\">\n<div class=\"scrollableArea\">\n<div><\/div>\n<div><\/div>\n<p>Jahrgang 1965, stammt aus einer K\u00fcnstlerfamilie, nach der Kindheit im Wein- und Waldviertel (Retz, Waidhofen\/ Thaya) Studium und 20 Lebensjahre mit dem Musiker und Maler Helmut Kurz-Goldenstein haupts\u00e4chlich in Wien, Besuch der H\u00f6heren Graphischen Lehranstalt und Versuchsanstalt Wien XIV, der Hochschule f\u00fcr angewandte Kunst (Frohner, Hutter) und theologisches Studium an der Erzdi\u00f6zese Wien, arbeitet und lebt mit ihrem Sohn David Kurz seit 2007 teilweise in Patzmannsdorf \u2013 Liebe auf den 1. Blick\u2026 &#8222;In meinen Bildern bin ich eine Suchende. W\u00fcnschen w\u00fcrde ich mir einige Menschen, die sich in ihnen finden. Der Mensch ist mir Thema. Religion, Politik, Philosophie, literarische Elemente und Sozialkritik haben Bedeutung. \u00c4u\u00dfere und innere Landschaften wollen aufmerksam machen und zum Hinschauen verleiten.&#8220; Auftr\u00e4ge werden angenommen in den Bereichen: Urkunden, Kalligraphie, Portrait (Tier, Mensch), Liftlmalereien (auf Hausfassaden), Beschriftungen und Comiczeichnungen.<\/p>\n<h2>Kontakt<\/h2>\n<p><a href=\"https:\/\/www.kuenstlergemeinschaft.at\/wp-content\/uploads\/2012\/02\/steiner_kl-11.jpg\"><img loading=\"lazy\" decoding=\"async\" class=\"alignnone size-full wp-image-462\" title=\"steiner_kl-1\" src=\"https:\/\/www.kuenstlergemeinschaft.at\/wp-content\/uploads\/2012\/02\/steiner_kl-11.jpg\" alt=\"\" width=\"234\" height=\"155\" \/><\/a><\/p>\n<p>maria-magdalena.steiner@gmx.at<\/p>\n<\/div>\n<\/div>\n<\/div>\n","protected":false},"excerpt":{"rendered":"<p>Biographie Jahrgang 1965, stammt aus einer K\u00fcnstlerfamilie, nach der Kindheit im Wein- und Waldviertel (Retz, Waidhofen\/ Thaya) Studium und 20 Lebensjahre mit dem Musiker und Maler Helmut Kurz-Goldenstein haupts\u00e4chlich in Wien, Besuch der H\u00f6heren Graphischen Lehranstalt und Versuchsanstalt Wien XIV, &hellip; <a href=\"https:\/\/www.kuenstlergemeinschaft.at\/?page_id=165\">Weiterlesen <span class=\"meta-nav\">&rarr;<\/span><\/a><\/p>\n","protected":false},"author":1,"featured_media":0,"parent":0,"menu_order":0,"comment_status":"open","ping_status":"open","template":"","meta":{"footnotes":""},"_links":{"self":[{"href":"https:\/\/www.kuenstlergemeinschaft.at\/index.php?rest_route=\/wp\/v2\/pages\/165"}],"collection":[{"href":"https:\/\/www.kuenstlergemeinschaft.at\/index.php?rest_route=\/wp\/v2\/pages"}],"about":[{"href":"https:\/\/www.kuenstlergemeinschaft.at\/index.php?rest_route=\/wp\/v2\/types\/page"}],"author":[{"embeddable":true,"href":"https:\/\/www.kuenstlergemeinschaft.at\/index.php?rest_route=\/wp\/v2\/users\/1"}],"replies":[{"embeddable":true,"href":"https:\/\/www.kuenstlergemeinschaft.at\/index.php?rest_route=%2Fwp%2Fv2%2Fcomments&post=165"}],"version-history":[{"count":17,"href":"https:\/\/www.kuenstlergemeinschaft.at\/index.php?rest_route=\/wp\/v2\/pages\/165\/revisions"}],"predecessor-version":[{"id":2337,"href":"https:\/\/www.kuenstlergemeinschaft.at\/index.php?rest_route=\/wp\/v2\/pages\/165\/revisions\/2337"}],"wp:attachment":[{"href":"https:\/\/www.kuenstlergemeinschaft.at\/index.php?rest_route=%2Fwp%2Fv2%2Fmedia&parent=165"}],"curies":[{"name":"wp","href":"https:\/\/api.w.org\/{rel}","templated":true}]}}