{"id":199,"date":"2012-02-26T20:33:58","date_gmt":"2012-02-26T20:33:58","guid":{"rendered":"http:\/\/jessner.com\/einmahleins\/?page_id=199"},"modified":"2013-01-24T23:08:29","modified_gmt":"2013-01-24T23:08:29","slug":"schmidbauer-gerhard-w-2","status":"publish","type":"page","link":"https:\/\/www.kuenstlergemeinschaft.at\/?page_id=199","title":{"rendered":"Schmidbauer Gerhard W."},"content":{"rendered":"<h2>Biographie<\/h2>\n<div id=\"makeMeScrollable\">\n<div class=\"scrollingHotSpotLeft\"><\/div>\n<div class=\"scrollingHotSpotRight\"><\/div>\n<div class=\"scrollWrapper\">\n<div class=\"scrollableArea\" ><img decoding=\"async\" src=\"https:\/\/www.kuenstlergemeinschaft.at\/wp-content\/themes\/twentyten\/images\/schmige_010.jpg\"\/><img decoding=\"async\" src=\"https:\/\/www.kuenstlergemeinschaft.at\/wp-content\/themes\/twentyten\/images\/schmige_020.jpg\"\/><img decoding=\"async\" src=\"https:\/\/www.kuenstlergemeinschaft.at\/wp-content\/themes\/twentyten\/images\/schmige_030.jpg\"\/><\/div>\n<\/div>\n<\/div>\n<p>Reliefschnittgrafiker<\/p>\n<p>1959 in Korneuburg, Nieder\u00f6sterreich geboren.<\/p>\n<p>Mitbegr\u00fcnder der K\u00fcnstlergruppen und K\u00fcnstlergemeinschaften: <a href=\"http:\/\/www.dieneuenmilben.com\/\" target=\"new\">Die Neuen Milben<\/a>, Mitglied in der AJV \u2013 <a href=\"http:\/\/www.ajv.cz\/\" target=\"new\">AJV &#8211; Association S\u00fcdb\u00f6hmischer Bildender K\u00fcnstler<\/a>, des Klosterneuburger K\u00fcnstlerbundes, der <a href=\"http:\/\/www.kunstfabrik-wien.at\" target=\"new\">Kunstfabrik(stadlau)<\/a>, der Gruppe um <a href=\"http:\/\/www.kfmin.at\" target=\"new\">Don Ferguson<\/a> sowie der <a href=\"https:\/\/www.kuenstlergemeinschaft.at\" target=\"new\">K\u00fcnstlergemeinschaft Westliches Weinviertel<\/a>.<\/p>\n<p>Zahlreiche Internationale Ausstellungen in Galerien, Museen und \u00f6ffentlichen R\u00e4umen, u. a. in Deutschland, Italien, Polen, Finnland, Tschechien, Ungarn, Kroatien, Serbien, Rum\u00e4nien, der Slowakei, Japan.<\/p>\n<p>AJV Intersalon 2009 &#8211; Kunstpreis in der Sparte: Architektur<\/p>\n<p><strong>Entwicklung einer eigenen Kunsttechnik &#8211;\u00a0der Reliefschnitt.<\/strong><\/p>\n<p>Vom K\u00fcnstler entwickelte Technik. Im Gegensatz zur Collage (bei der grafische Elemente aus verschiedenen Materialien nebeneinander zu einem Gesamtbild zusammengesetzt werden) entwickelt sich das Kunstwerk bei dieser Technik aus der Ebene in die Tiefe. Dabei wird die Grundform jedes grafischen Elements des Bildmotivs mit exaktem Schnitt aus dem Blatt entfernt und der jeweils fehlende Bereich mit weiteren Papierteilen oder Textilien verschiedener Farbe und Struktur hinterlegt. Dem Bildmotiv entsprechend, seinen Farbunterschieden, Strukturen und Schattierungen, gestalten weitere Ausschnitte in den hinterlegten Materialien und zus\u00e4tzliche Material-Unterlegungen langsam das Motiv in seiner Gesamtstruktur und Tiefe, heben es gleichsam aus dem Blatt heraus. Der K\u00fcnstler \u00f6ffnet die Grenzen der Zweidimensionalit\u00e4t der bildnerischen Darstellung und schafft ein Kunstwerk, das sich der Illusion der dritten Dimension eines Gem\u00e4ldes widersetzt, indem es diese im Rahmen der gegebenen Perspektive realisiert.<\/p>\n<h2>Kontakt<\/h2>\n<p><a href=\"https:\/\/www.kuenstlergemeinschaft.at\/wp-content\/uploads\/2012\/02\/gerhard_kl-11.jpg\"><img loading=\"lazy\" decoding=\"async\" class=\"alignnone size-full wp-image-452\" title=\"gerhard_kl-1\" src=\"https:\/\/www.kuenstlergemeinschaft.at\/wp-content\/uploads\/2012\/02\/gerhard_kl-11.jpg\" alt=\"\" width=\"150\" height=\"200\" \/><\/a><\/p>\n<p>Kadolz 65<br \/>\n2062 Gro\u00dfkadolz<\/p>\n<p>+43\/699\/1012 47 36<\/p>\n<p><a href=\"http:\/\/www.schmige.com\" target=\"_blank\">www.schmige.com<\/a><br \/>\n<a href=\"mailto:schmige@schmige.com\" target=\"_blank\">schmige@schmige.com<\/a><\/p>\n","protected":false},"excerpt":{"rendered":"<p>Biographie Reliefschnittgrafiker 1959 in Korneuburg, Nieder\u00f6sterreich geboren. Mitbegr\u00fcnder der K\u00fcnstlergruppen und K\u00fcnstlergemeinschaften: Die Neuen Milben, Mitglied in der AJV \u2013 AJV &#8211; Association S\u00fcdb\u00f6hmischer Bildender K\u00fcnstler, des Klosterneuburger K\u00fcnstlerbundes, der Kunstfabrik(stadlau), der Gruppe um Don Ferguson sowie der K\u00fcnstlergemeinschaft Westliches &hellip; <a href=\"https:\/\/www.kuenstlergemeinschaft.at\/?page_id=199\">Weiterlesen <span class=\"meta-nav\">&rarr;<\/span><\/a><\/p>\n","protected":false},"author":1,"featured_media":0,"parent":0,"menu_order":0,"comment_status":"open","ping_status":"open","template":"","meta":{"footnotes":""},"_links":{"self":[{"href":"https:\/\/www.kuenstlergemeinschaft.at\/index.php?rest_route=\/wp\/v2\/pages\/199"}],"collection":[{"href":"https:\/\/www.kuenstlergemeinschaft.at\/index.php?rest_route=\/wp\/v2\/pages"}],"about":[{"href":"https:\/\/www.kuenstlergemeinschaft.at\/index.php?rest_route=\/wp\/v2\/types\/page"}],"author":[{"embeddable":true,"href":"https:\/\/www.kuenstlergemeinschaft.at\/index.php?rest_route=\/wp\/v2\/users\/1"}],"replies":[{"embeddable":true,"href":"https:\/\/www.kuenstlergemeinschaft.at\/index.php?rest_route=%2Fwp%2Fv2%2Fcomments&post=199"}],"version-history":[{"count":13,"href":"https:\/\/www.kuenstlergemeinschaft.at\/index.php?rest_route=\/wp\/v2\/pages\/199\/revisions"}],"predecessor-version":[{"id":1002,"href":"https:\/\/www.kuenstlergemeinschaft.at\/index.php?rest_route=\/wp\/v2\/pages\/199\/revisions\/1002"}],"wp:attachment":[{"href":"https:\/\/www.kuenstlergemeinschaft.at\/index.php?rest_route=%2Fwp%2Fv2%2Fmedia&parent=199"}],"curies":[{"name":"wp","href":"https:\/\/api.w.org\/{rel}","templated":true}]}}