{"id":30,"date":"2012-02-26T12:28:05","date_gmt":"2012-02-26T12:28:05","guid":{"rendered":"http:\/\/jessner.com\/einmahleins\/?page_id=30"},"modified":"2013-01-10T21:35:24","modified_gmt":"2013-01-10T21:35:24","slug":"mitglieder-anton-jessner","status":"publish","type":"page","link":"https:\/\/www.kuenstlergemeinschaft.at\/?page_id=30","title":{"rendered":"Kontakt"},"content":{"rendered":"<p><strong>Website der K\u00fcnstlergemeinschaft Westliches Weinviertel<\/strong><br \/>\nEingetragener Verein, ZVR-Zahl: 824203203<\/p>\n<p><strong>Pr\u00e4sident<\/strong><br \/>\nErhard Bail<br \/>\nMill\u00f6ckergasse 16<br \/>\n3001 Mauerbach<br \/>\nTel.: +43\/(0)676\/753 40 55<br \/>\n<a title=\"E-Mail Erhard Bail\" href=\"mailto:e.bail@gmx.at\" target=\"_blank\">e.bail@gmx.at<\/a><\/p>\n<p><strong>Vizepr\u00e4sident<\/strong><br \/>\nHeinz Baier<\/p>\n<p><strong>2. Vizepr\u00e4sident<\/strong><br \/>\nG\u00fcnter Frank<\/p>\n<p><strong>Schriftf\u00fchrer<br \/>\n<\/strong><a title=\"Homepage von Anton Jessner\" href=\"http:\/\/www.jessner.com\" target=\"_blank\">Anton Jessner<br \/>\n<\/a><a title=\"E-Mail Anton Jessner\" href=\"mailto:office@jessner.com\" target=\"_blank\">office@jessner.com<\/a><a title=\"Homepage von Anton Jessner\" href=\"http:\/\/www.jessner.com\" target=\"_blank\"><br \/>\n<\/a><\/p>\n<p><strong>Kassier<\/strong><br \/>\nReinhard Berger<\/p>\n<p><strong>Ausstellungsleiter<\/strong><br \/>\nAndreas Stasta<\/p>\n<p><strong> Webdesign<br \/>\n<\/strong><a title=\"Homepage von Anton Jessner\" href=\"http:\/\/www.jessner.com\" target=\"_blank\">Anton Jessner<br \/>\n<\/a><a title=\"E-Mail Anton Jessner\" href=\"mailto:office@jessner.com\" target=\"_blank\">office@jessner.com<\/a><\/p>\n<p><strong>Haftungsausschluss<br \/>\n<\/strong>Trotz sorgf\u00e4ltiger inhaltlicher Kontrolle wird keinerlei Haftung f\u00fcr die Inhalte externer Links \u00fcbernommen.\u00a0F\u00fcr deren Inhalt sind ausschlie\u00dflich deren Betreiber verantwortlich.<\/p>\n","protected":false},"excerpt":{"rendered":"<p>Website der K\u00fcnstlergemeinschaft Westliches Weinviertel Eingetragener Verein, ZVR-Zahl: 824203203 Pr\u00e4sident Erhard Bail Mill\u00f6ckergasse 16 3001 Mauerbach Tel.: +43\/(0)676\/753 40 55 e.bail@gmx.at Vizepr\u00e4sident Heinz Baier 2. Vizepr\u00e4sident G\u00fcnter Frank Schriftf\u00fchrer Anton Jessner office@jessner.com Kassier Reinhard Berger Ausstellungsleiter Andreas Stasta Webdesign Anton &hellip; <a href=\"https:\/\/www.kuenstlergemeinschaft.at\/?page_id=30\">Weiterlesen <span class=\"meta-nav\">&rarr;<\/span><\/a><\/p>\n","protected":false},"author":1,"featured_media":50,"parent":0,"menu_order":0,"comment_status":"open","ping_status":"closed","template":"","meta":{"footnotes":""},"_links":{"self":[{"href":"https:\/\/www.kuenstlergemeinschaft.at\/index.php?rest_route=\/wp\/v2\/pages\/30"}],"collection":[{"href":"https:\/\/www.kuenstlergemeinschaft.at\/index.php?rest_route=\/wp\/v2\/pages"}],"about":[{"href":"https:\/\/www.kuenstlergemeinschaft.at\/index.php?rest_route=\/wp\/v2\/types\/page"}],"author":[{"embeddable":true,"href":"https:\/\/www.kuenstlergemeinschaft.at\/index.php?rest_route=\/wp\/v2\/users\/1"}],"replies":[{"embeddable":true,"href":"https:\/\/www.kuenstlergemeinschaft.at\/index.php?rest_route=%2Fwp%2Fv2%2Fcomments&post=30"}],"version-history":[{"count":28,"href":"https:\/\/www.kuenstlergemeinschaft.at\/index.php?rest_route=\/wp\/v2\/pages\/30\/revisions"}],"predecessor-version":[{"id":108,"href":"https:\/\/www.kuenstlergemeinschaft.at\/index.php?rest_route=\/wp\/v2\/pages\/30\/revisions\/108"}],"wp:featuredmedia":[{"embeddable":true,"href":"https:\/\/www.kuenstlergemeinschaft.at\/index.php?rest_route=\/wp\/v2\/media\/50"}],"wp:attachment":[{"href":"https:\/\/www.kuenstlergemeinschaft.at\/index.php?rest_route=%2Fwp%2Fv2%2Fmedia&parent=30"}],"curies":[{"name":"wp","href":"https:\/\/api.w.org\/{rel}","templated":true}]}}