{"id":327,"date":"2012-03-05T18:42:20","date_gmt":"2012-03-05T18:42:20","guid":{"rendered":"http:\/\/jessner.com\/einmahleins\/?page_id=327"},"modified":"2024-01-08T10:18:00","modified_gmt":"2024-01-08T10:18:00","slug":"gunther-frank","status":"publish","type":"page","link":"https:\/\/www.kuenstlergemeinschaft.at\/?page_id=327","title":{"rendered":"Frank G\u00fcnther"},"content":{"rendered":"<h2>Biographie<\/h2>\n<div id=\"makeMeScrollable\">\n<div class=\"scrollingHotSpotLeft\"><\/div>\n<div class=\"scrollingHotSpotRight\"><\/div>\n<\/div>\n<p>Er legte die\u00a0<a title=\"Matura\" href=\"http:\/\/de.wikipedia.org\/wiki\/Matura\">Matura<\/a>\u00a0am\u00a0<a title=\"Bundesgymnasium, Bundesrealgymnasium und Bundesaufbaugymnasium Horn\" href=\"http:\/\/de.wikipedia.org\/wiki\/Bundesgymnasium,_Bundesrealgymnasium_und_Bundesaufbaugymnasium_Horn\">Gymnasium Horn<\/a>\u00a0ab und studierte Malerei an der Wiener\u00a0<a title=\"Akademie der bildenden K\u00fcnste Wien\" href=\"http:\/\/de.wikipedia.org\/wiki\/Akademie_der_bildenden_K%C3%BCnste_Wien\">Akademie der bildenden K\u00fcnste<\/a>. Anschlie\u00dfend absolvierte er eine Schauspiel- und Gesangsausbildung. Als S\u00e4nger trat er in verschiedenen Operetten und Musicals auf, als Schauspieler stand er unter anderem auf der B\u00fchne des\u00a0<a title=\"Burgtheater\" href=\"http:\/\/de.wikipedia.org\/wiki\/Burgtheater\">Burgtheaters<\/a>. Dazwischen war er auch im\u00a0<a title=\"Kabarett\" href=\"http:\/\/de.wikipedia.org\/wiki\/Kabarett\">Kabarett<\/a>\u00a0<a title=\"Simpl (Wien)\" href=\"http:\/\/de.wikipedia.org\/wiki\/Simpl_(Wien)\">Simpl<\/a>\u00a0unter\u00a0<a title=\"Karl Farkas\" href=\"http:\/\/de.wikipedia.org\/wiki\/Karl_Farkas\">Karl Farkas<\/a>\u00a0t\u00e4tig.<\/p>\n<p>1986 begann er als Moderator zu arbeiten. Neben Moderationen der Sendung\u00a0<em><a title=\"Autofahrer unterwegs\" href=\"http:\/\/de.wikipedia.org\/wiki\/Autofahrer_unterwegs\">Autofahrer unterwegs<\/a><\/em>\u00a0gestaltete er H\u00f6rfunksendungen in den\u00a0<a title=\"Vereinigte Staaten\" href=\"http:\/\/de.wikipedia.org\/wiki\/Vereinigte_Staaten\">USA<\/a>\u00a0und\u00a0<a title=\"Kanada\" href=\"http:\/\/de.wikipedia.org\/wiki\/Kanada\">Kanada<\/a>. Nach wie vor macht er kleine Fernsehserien in\u00a0<a title=\"Bundesland heute\" href=\"http:\/\/de.wikipedia.org\/wiki\/Bundesland_heute\">Wien heute<\/a>. Neben der Stadt Wien f\u00fchlt er sich auch dem Wienerlied verbunden. Insgesamt hat er \u00fcber 400 Titel auf\u00a0<a title=\"Compact Disc\" href=\"http:\/\/de.wikipedia.org\/wiki\/Compact_Disc\">CD<\/a>\u00a0aufgenommen.<\/p>\n<p>Frank ist nicht nur durch \u00f6ffentliche Auftritte bekannt, auch seine Bilder sind weltweit in Galerien pr\u00e4sent.<\/p>\n<p>Weiters verfasste G\u00fcnther Frank mehrere B\u00fccher. Seit 2009 ist G\u00fcnther Frank Teilnehmer am Kunstprojekt\u00a0<a title=\"Rolling Stars and Planets\" href=\"http:\/\/de.wikipedia.org\/wiki\/Rolling_Stars_and_Planets\">Rolling Stars and Planets<\/a>, dessen Mitbegr\u00fcnder er war.<\/p>\n<p>G\u00fcnther Frank lebt im\u00a0<a title=\"Nieder\u00f6sterreich\" href=\"http:\/\/de.wikipedia.org\/wiki\/Nieder%C3%B6sterreich\">nieder\u00f6sterreichischen<\/a>\u00a0<a title=\"Langenzersdorf\" href=\"http:\/\/de.wikipedia.org\/wiki\/Langenzersdorf\">Langenzersdorf<\/a>.<\/p>\n<p><strong>Auszeichnungen<\/strong><\/p>\n<ul>\n<li>1987: Verleihung in (<a title=\"\u00d6sterreich\" href=\"http:\/\/de.wikipedia.org\/wiki\/%C3%96sterreich\">\u00d6sterreich<\/a>) zur F\u00fchrung des Ehrentitels\u00a0<a title=\"Professor\" href=\"http:\/\/de.wikipedia.org\/wiki\/Professor\">Professor<\/a><\/li>\n<li>2001:\u00a0<a title=\"Ehrenzeichen f\u00fcr Verdienste um das Bundesland Nieder\u00f6sterreich\" href=\"http:\/\/de.wikipedia.org\/wiki\/Ehrenzeichen_f%C3%BCr_Verdienste_um_das_Bundesland_Nieder%C3%B6sterreich\">Goldenes Ehrenzeichen f\u00fcr Verdienste um das Bundesland Nieder\u00f6sterreich<\/a><\/li>\n<li>2006:\u00a0<a title=\"Ehrenzeichen f\u00fcr Verdienste um die Republik \u00d6sterreich\" href=\"http:\/\/de.wikipedia.org\/wiki\/Ehrenzeichen_f%C3%BCr_Verdienste_um_die_Republik_%C3%96sterreich\">Goldenes Ehrenzeichen f\u00fcr Verdienste um die Republik \u00d6sterreich<\/a><\/li>\n<\/ul>\n<h2>Kontakt<\/h2>\n<p><a href=\"https:\/\/www.kuenstlergemeinschaft.at\/wp-content\/uploads\/2012\/03\/frank.jpg\"><img loading=\"lazy\" decoding=\"async\" class=\"alignnone size-full wp-image-475\" title=\"frank\" src=\"https:\/\/www.kuenstlergemeinschaft.at\/wp-content\/uploads\/2012\/03\/frank.jpg\" alt=\"\" width=\"265\" height=\"190\" \/><\/a><\/p>\n","protected":false},"excerpt":{"rendered":"<p>Biographie Er legte die\u00a0Matura\u00a0am\u00a0Gymnasium Horn\u00a0ab und studierte Malerei an der Wiener\u00a0Akademie der bildenden K\u00fcnste. Anschlie\u00dfend absolvierte er eine Schauspiel- und Gesangsausbildung. Als S\u00e4nger trat er in verschiedenen Operetten und Musicals auf, als Schauspieler stand er unter anderem auf der B\u00fchne &hellip; <a href=\"https:\/\/www.kuenstlergemeinschaft.at\/?page_id=327\">Weiterlesen <span class=\"meta-nav\">&rarr;<\/span><\/a><\/p>\n","protected":false},"author":1,"featured_media":0,"parent":0,"menu_order":0,"comment_status":"open","ping_status":"closed","template":"","meta":{"footnotes":""},"_links":{"self":[{"href":"https:\/\/www.kuenstlergemeinschaft.at\/index.php?rest_route=\/wp\/v2\/pages\/327"}],"collection":[{"href":"https:\/\/www.kuenstlergemeinschaft.at\/index.php?rest_route=\/wp\/v2\/pages"}],"about":[{"href":"https:\/\/www.kuenstlergemeinschaft.at\/index.php?rest_route=\/wp\/v2\/types\/page"}],"author":[{"embeddable":true,"href":"https:\/\/www.kuenstlergemeinschaft.at\/index.php?rest_route=\/wp\/v2\/users\/1"}],"replies":[{"embeddable":true,"href":"https:\/\/www.kuenstlergemeinschaft.at\/index.php?rest_route=%2Fwp%2Fv2%2Fcomments&post=327"}],"version-history":[{"count":11,"href":"https:\/\/www.kuenstlergemeinschaft.at\/index.php?rest_route=\/wp\/v2\/pages\/327\/revisions"}],"predecessor-version":[{"id":2310,"href":"https:\/\/www.kuenstlergemeinschaft.at\/index.php?rest_route=\/wp\/v2\/pages\/327\/revisions\/2310"}],"wp:attachment":[{"href":"https:\/\/www.kuenstlergemeinschaft.at\/index.php?rest_route=%2Fwp%2Fv2%2Fmedia&parent=327"}],"curies":[{"name":"wp","href":"https:\/\/api.w.org\/{rel}","templated":true}]}}