{"id":936,"date":"2013-01-09T18:52:58","date_gmt":"2013-01-09T18:52:58","guid":{"rendered":"http:\/\/www.kuenstlergemeinschaft.at\/?page_id=936"},"modified":"2024-01-08T10:14:50","modified_gmt":"2024-01-08T10:14:50","slug":"epp-gabriele","status":"publish","type":"page","link":"https:\/\/www.kuenstlergemeinschaft.at\/?page_id=936","title":{"rendered":"Epp Gabriele"},"content":{"rendered":"<h2>Biographie<\/h2>\n<div id=\"makeMeScrollable\">\n<div class=\"scrollWrapper\">\n<div class=\"scrollableArea\"><\/div>\n<\/div>\n<\/div>\n<p>1954 geboren in Wien<br \/>\n1972 bis 1982 Studien an der Hochschule f\u00fcr K\u00fcnstlerische und Industrielle Gestaltung Linz, Meisterklasse Keramik bei Prof. Praschak<br \/>\nDiplompr\u00fcfung 1983<br \/>\nInstitut f\u00fcr BE und WE, Lehramtspr\u00fcfungen 1982\/83 .<br \/>\n1984 \u00dcbersiedelung ins Waldviertel- Geras , freischaffende K\u00fcnstlerin<br \/>\nSeit 1988 Wohnsitz und Atelier in Eggenburg \/N\u00d6.<br \/>\nSeit 30 Jahren Kursleiterin und Dozentin in der Erwachsenenbildung sowie Lehrerfort- und Ausbildung t\u00e4tig (PH Nieder\u00f6sterreich)<br \/>\nSeit1995 als AHS- Lehrerin am BG Horn und freiberufliche T\u00e4tigkeit.<\/p>\n<p>Einzelausstellungen<br \/>\n1985 Keramikstudio Krugerstra\u00dfe, Wien<br \/>\n1986 Galerie am Doktorsberg, Nieder\u00f6sterreich<br \/>\n1987 Galerie im B\u00fcrgerspital Drosendorf \/Thaya<br \/>\n1991 Galerie 77, N\u00d6.<\/p>\n<p>Gruppenausstellungen<br \/>\n1984 Weihergut, Salzburg<br \/>\n1987 Dominikanerbastei \/Krems \u201eMalzeiten\u201c<br \/>\n1995 mit Sabine M\u00fcller-Funk \u201e Kopfl\u00e4stigkeiten\u201c, Hofm\u00fchle Hollabrunn<br \/>\n1996 und 1997 Roggenfeld 7N.\u00d6.<br \/>\n1996 DOK f\u00fcr Moderne Kunst\/ St. P\u00f6lten \u201e Ausformungen\u201c<br \/>\n1998 Museum Alte Hofm\u00fchle<br \/>\n2005 Vara\u017edin \/ Kroatien<br \/>\n2006 Galerie grenzART \/ Hollabrunn<br \/>\n2009 DOK f\u00fcr Moderne Kunst \/ St. P\u00f6lten \u201e vierzehn Kunstvereine\u201c<br \/>\n2009 K\u00fcnstlergemeinschaft westliches Weinviertel\/ Minoritenkloster Tulln<\/p>\n<p>Publikationen<br \/>\nVer\u00f6ffentlichte Kunst- Kunst am Bau 1, Dr. Blaas-Pratscher<\/p>\n<p>Ank\u00e4ufe des Bundes und Landes N\u00d6, Wand- und Bodengestaltungen VS Mautern, Hauptschule Weitersfeld, und div. Privath\u00e4usern<\/p>\n<p><img decoding=\"async\" src=\"https:\/\/www.kuenstlergemeinschaft.at\/wp-content\/themes\/twentyten\/images\/epp.jpg\" alt=\"Gabriele Epp\" height=\"200\" \/><br \/>\n3730 Eggenburg<br \/>\nBurggasse 8<br \/>\n<a title=\"Heinz Baier\" href=\"http:\/\/www.gabiepp.at\/\" target=\"_blank\" rel=\"noopener\">www.gabiepp.at<\/a><\/p>\n","protected":false},"excerpt":{"rendered":"<p>Biographie 1954 geboren in Wien 1972 bis 1982 Studien an der Hochschule f\u00fcr K\u00fcnstlerische und Industrielle Gestaltung Linz, Meisterklasse Keramik bei Prof. Praschak Diplompr\u00fcfung 1983 Institut f\u00fcr BE und WE, Lehramtspr\u00fcfungen 1982\/83 . 1984 \u00dcbersiedelung ins Waldviertel- Geras , freischaffende &hellip; <a href=\"https:\/\/www.kuenstlergemeinschaft.at\/?page_id=936\">Weiterlesen <span class=\"meta-nav\">&rarr;<\/span><\/a><\/p>\n","protected":false},"author":1,"featured_media":0,"parent":0,"menu_order":0,"comment_status":"open","ping_status":"open","template":"","meta":{"footnotes":""},"_links":{"self":[{"href":"https:\/\/www.kuenstlergemeinschaft.at\/index.php?rest_route=\/wp\/v2\/pages\/936"}],"collection":[{"href":"https:\/\/www.kuenstlergemeinschaft.at\/index.php?rest_route=\/wp\/v2\/pages"}],"about":[{"href":"https:\/\/www.kuenstlergemeinschaft.at\/index.php?rest_route=\/wp\/v2\/types\/page"}],"author":[{"embeddable":true,"href":"https:\/\/www.kuenstlergemeinschaft.at\/index.php?rest_route=\/wp\/v2\/users\/1"}],"replies":[{"embeddable":true,"href":"https:\/\/www.kuenstlergemeinschaft.at\/index.php?rest_route=%2Fwp%2Fv2%2Fcomments&post=936"}],"version-history":[{"count":17,"href":"https:\/\/www.kuenstlergemeinschaft.at\/index.php?rest_route=\/wp\/v2\/pages\/936\/revisions"}],"predecessor-version":[{"id":2308,"href":"https:\/\/www.kuenstlergemeinschaft.at\/index.php?rest_route=\/wp\/v2\/pages\/936\/revisions\/2308"}],"wp:attachment":[{"href":"https:\/\/www.kuenstlergemeinschaft.at\/index.php?rest_route=%2Fwp%2Fv2%2Fmedia&parent=936"}],"curies":[{"name":"wp","href":"https:\/\/api.w.org\/{rel}","templated":true}]}}