{"id":97,"date":"2012-02-26T18:40:11","date_gmt":"2012-02-26T18:40:11","guid":{"rendered":"http:\/\/jessner.com\/einmahleins\/?page_id=97"},"modified":"2024-01-08T11:14:50","modified_gmt":"2024-01-08T11:14:50","slug":"erhard-bail","status":"publish","type":"page","link":"https:\/\/www.kuenstlergemeinschaft.at\/?page_id=97","title":{"rendered":"Bail Erhard"},"content":{"rendered":"<h2>Biographie<\/h2>\n\n\n<div class=\"scrollingHotSpotLeft\">In Wien geboren, in einem Dorf bei Wien aufgewachsen, besch\u00e4ftigte er sich mit 15 Jahren erstmals, angeregt durch einen k\u00fcnstlerisch t\u00e4tigen Mittelschulprofessor, mit Malen und Zeichnen. Nach einem Gebrauchsgrafikstudium bei Prof. Fabigan in Wien beginnt er mit seinen Ausstellungen. Die erste war eine Fotoausstellung in Wien.<\/div>\n<div>\u00a0<\/div>\n<p>Mit 30 Jahren, nach Reisen durch Europa und Nordafrika, folgen Ausstellungen in der Schweiz, Deutschland, Italien, Portugal, Ukraine, Ungarn, Tschechien, Slowakei und \u00d6sterreich. \u00dcber 300 Ausstellungen in Schl\u00f6ssern, Kulturzentren und Galerien hat er bis heute veranstaltet. Erhard Bail arbeitet auch bei Kulturzeitschriften und ver\u00f6ffentlichte lyrische Prosa.<\/p>\n<p>Mit 40 Jahren kauft er sich einen Bauernhof in Nieder\u00f6sterreich und plant Seminare mit K\u00fcnstlern, Veranstaltungen und Ausstellungen im \u201eAtelier Frauendorf&#8220; und in ganz \u00d6sterreich. 15 Jahre sp\u00e4ter zieht es ihn wieder in die N\u00e4he Wiens, wo er in Mauerbach sein Atelier einrichtet. Er nennt es \u201eWienerwaldatelier&#8220; und veranstaltet dort \u201eTage des offenen Ateliers&#8220;.<\/p>\n<p>Seit einigen Jahren unternimmt er wieder Reisen in den S\u00fcden (Gardasee, Istrien, griechische Inseln). Er erlebt dort den Augenblick von Naturr\u00e4umen, die sich in seinen Bildern zu magischen Orten verwandeln. Ein unwirkliches Licht durchdringt die Farben. Die Bilder sprechen die Sprache phantastischer Zeiten, unzug\u00e4ngliche Pfade f\u00fchren hinein in die Tiefen der R\u00e4ume. Da gleiten die Farben ineinander und verschieben sich in den Augen der Betrachter.<\/p>\n<p>Er ist Mitglied beim \u00e4ltesten Kunstverein Nieder\u00f6sterreichs, dem Klosterneuburger K\u00fcnstlerbund, bei der K\u00fcnstlergemeinschaft Westliches Weinviertel und dem <a title=\"Art Diagonal\" href=\"http:\/\/www.artdiagonal.com\/\" target=\"_blank\" rel=\"noopener noreferrer\">Internationalen Club bildender K\u00fcnstler art\/diagonal<\/a>.<\/p>\n<h2>Kontakt<\/h2>\n<p><a href=\"https:\/\/www.kuenstlergemeinschaft.at\/wp-content\/uploads\/2012\/02\/bail_kl-1.jpg\"><img loading=\"lazy\" decoding=\"async\" class=\"alignnone size-full wp-image-364\" title=\"bail_kl-1\" src=\"https:\/\/www.kuenstlergemeinschaft.at\/wp-content\/uploads\/2012\/02\/bail_kl-1.jpg\" alt=\"\" width=\"234\" height=\"170\" \/><\/a><\/p>\n<h2>Kontakt<\/h2>\n<p>Mill\u00f6ckergasse 16<br \/>3001 Mauerbach<br \/>Tel. 0676 753 4055<br \/><a title=\"e.bail@gmx.at\" href=\"mailto:e.bail@gmx.at\">e.bail@gmx.at<\/a><\/p>\n\n\n<p><\/p>\n","protected":false},"excerpt":{"rendered":"<p>Biographie In Wien geboren, in einem Dorf bei Wien aufgewachsen, besch\u00e4ftigte er sich mit 15 Jahren erstmals, angeregt durch einen k\u00fcnstlerisch t\u00e4tigen Mittelschulprofessor, mit Malen und Zeichnen. Nach einem Gebrauchsgrafikstudium bei Prof. Fabigan in Wien beginnt er mit seinen Ausstellungen. &hellip; <a href=\"https:\/\/www.kuenstlergemeinschaft.at\/?page_id=97\">Weiterlesen <span class=\"meta-nav\">&rarr;<\/span><\/a><\/p>\n","protected":false},"author":1,"featured_media":0,"parent":0,"menu_order":0,"comment_status":"open","ping_status":"closed","template":"","meta":{"footnotes":""},"_links":{"self":[{"href":"https:\/\/www.kuenstlergemeinschaft.at\/index.php?rest_route=\/wp\/v2\/pages\/97"}],"collection":[{"href":"https:\/\/www.kuenstlergemeinschaft.at\/index.php?rest_route=\/wp\/v2\/pages"}],"about":[{"href":"https:\/\/www.kuenstlergemeinschaft.at\/index.php?rest_route=\/wp\/v2\/types\/page"}],"author":[{"embeddable":true,"href":"https:\/\/www.kuenstlergemeinschaft.at\/index.php?rest_route=\/wp\/v2\/users\/1"}],"replies":[{"embeddable":true,"href":"https:\/\/www.kuenstlergemeinschaft.at\/index.php?rest_route=%2Fwp%2Fv2%2Fcomments&post=97"}],"version-history":[{"count":25,"href":"https:\/\/www.kuenstlergemeinschaft.at\/index.php?rest_route=\/wp\/v2\/pages\/97\/revisions"}],"predecessor-version":[{"id":2340,"href":"https:\/\/www.kuenstlergemeinschaft.at\/index.php?rest_route=\/wp\/v2\/pages\/97\/revisions\/2340"}],"wp:attachment":[{"href":"https:\/\/www.kuenstlergemeinschaft.at\/index.php?rest_route=%2Fwp%2Fv2%2Fmedia&parent=97"}],"curies":[{"name":"wp","href":"https:\/\/api.w.org\/{rel}","templated":true}]}}